{"id":3468,"date":"2025-03-20T20:15:20","date_gmt":"2025-03-20T20:15:20","guid":{"rendered":"https:\/\/zdravilisce-debelirtic.si\/socialni-programi\/"},"modified":"2025-10-21T11:56:30","modified_gmt":"2025-10-21T11:56:30","slug":"programmi-sociali","status":"publish","type":"page","link":"https:\/\/zdravilisce-debelirtic.si\/it\/programmi-sociali\/","title":{"rendered":"Programmi sociali"},"content":{"rendered":"\t\t<div data-elementor-type=\"wp-page\" data-elementor-id=\"3468\" class=\"elementor elementor-3468 elementor-183\" data-elementor-post-type=\"page\">\n\t\t\t\t<div class=\"elementor-element elementor-element-24f6313 e-flex e-con-boxed e-con e-parent\" data-id=\"24f6313\" data-element_type=\"container\" data-settings=\"{&quot;background_background&quot;:&quot;classic&quot;}\">\n\t\t\t\t\t<div class=\"e-con-inner\">\n\t\t<div class=\"elementor-element elementor-element-663aaf7 e-con-full e-flex e-con e-child\" data-id=\"663aaf7\" data-element_type=\"container\">\n\t\t\t\t<div class=\"elementor-element elementor-element-ed02a95 elementor-widget elementor-widget-heading\" data-id=\"ed02a95\" data-element_type=\"widget\" data-widget_type=\"heading.default\">\n\t\t\t\t<div class=\"elementor-widget-container\">\n\t\t\t\t\t<h2 class=\"elementor-heading-title elementor-size-default\">Programmi<\/h2>\t\t\t\t<\/div>\n\t\t\t\t<\/div>\n\t\t\t\t<div class=\"elementor-element elementor-element-518f81b elementor-widget elementor-widget-heading\" data-id=\"518f81b\" data-element_type=\"widget\" data-widget_type=\"heading.default\">\n\t\t\t\t<div class=\"elementor-widget-container\">\n\t\t\t\t\t<h2 class=\"elementor-heading-title elementor-size-default\">Programmi sociali<\/h2>\t\t\t\t<\/div>\n\t\t\t\t<\/div>\n\t\t\t\t<\/div>\n\t\t\t\t\t<\/div>\n\t\t\t\t<\/div>\n\t\t<div class=\"elementor-element elementor-element-bfb2c40 e-flex e-con-boxed e-con e-parent\" data-id=\"bfb2c40\" data-element_type=\"container\" data-settings=\"{&quot;background_background&quot;:&quot;classic&quot;}\">\n\t\t\t\t\t<div class=\"e-con-inner\">\n\t\t<div class=\"elementor-element elementor-element-740eddd e-con-full e-flex e-con e-child\" data-id=\"740eddd\" data-element_type=\"container\">\n\t\t<div class=\"elementor-element elementor-element-51284b3 e-con-full max-w-content e-flex e-con e-child\" data-id=\"51284b3\" data-element_type=\"container\">\n\t\t\t\t<div class=\"elementor-element elementor-element-76b23ea elementor-widget__width-inherit elementor-widget-mobile__width-inherit elementor-widget elementor-widget-heading\" data-id=\"76b23ea\" data-element_type=\"widget\" data-settings=\"{&quot;motion_fx_motion_fx_scrolling&quot;:&quot;yes&quot;,&quot;motion_fx_translateX_effect&quot;:&quot;yes&quot;,&quot;motion_fx_translateX_affectedRange&quot;:{&quot;unit&quot;:&quot;%&quot;,&quot;size&quot;:&quot;&quot;,&quot;sizes&quot;:{&quot;start&quot;:0,&quot;end&quot;:50}},&quot;motion_fx_translateX_speed&quot;:{&quot;unit&quot;:&quot;px&quot;,&quot;size&quot;:4,&quot;sizes&quot;:[]},&quot;motion_fx_devices&quot;:[&quot;desktop&quot;,&quot;tablet&quot;,&quot;mobile&quot;]}\" data-widget_type=\"heading.default\">\n\t\t\t\t<div class=\"elementor-widget-container\">\n\t\t\t\t\t<h2 class=\"elementor-heading-title elementor-size-default\">Bambini <\/h2>\t\t\t\t<\/div>\n\t\t\t\t<\/div>\n\t\t\t\t<div class=\"elementor-element elementor-element-4f8e3cd elementor-widget elementor-widget-text-editor\" data-id=\"4f8e3cd\" data-element_type=\"widget\" data-widget_type=\"text-editor.default\">\n\t\t\t\t<div class=\"elementor-widget-container\">\n\t\t\t\t\t\t\t\t\t<p><strong>Vacanze a Debeli Rti\u010d<\/strong> offrono un ambiente unico dove i bambini sentono un senso di sicurezza, valore e appartenenza. \u00c8 un luogo in cui si risvegliano il loro relax, la curiosit\u00e0 e la creativit\u00e0. Insieme rafforzano valori importanti come l\u2019amicizia, la compassione, la tolleranza e il rispetto, permettendo loro di affrontare pi\u00f9 facilmente le sfide della vita. Ogni gioco, incontro sociale e risata porta con s\u00e9 esperienze preziose che formano legami di amicizia duraturi e ricordi indimenticabili. I bambini tornano a casa arricchiti di nuove intuizioni e lezioni di vita.     <\/p>\t\t\t\t\t\t\t\t<\/div>\n\t\t\t\t<\/div>\n\t\t\t\t<\/div>\n\t\t\t\t<\/div>\n\t\t<div class=\"elementor-element elementor-element-b9695df e-con-full e-flex e-con e-child\" data-id=\"b9695df\" data-element_type=\"container\">\n\t\t\t\t<div class=\"elementor-element elementor-element-50f1361 elementor-widget elementor-widget-image\" data-id=\"50f1361\" data-element_type=\"widget\" data-widget_type=\"image.default\">\n\t\t\t\t<div class=\"elementor-widget-container\">\n\t\t\t\t\t\t\t\t\t\t\t\t\t\t\t<img fetchpriority=\"high\" decoding=\"async\" width=\"800\" height=\"534\" src=\"https:\/\/zdravilisce-debelirtic.si\/wp-content\/uploads\/2025\/05\/IMG_9462-KopijaA-1024x683.webp\" class=\"attachment-large size-large wp-image-2477\" alt=\"\" srcset=\"https:\/\/zdravilisce-debelirtic.si\/wp-content\/uploads\/2025\/05\/IMG_9462-KopijaA-1024x683.webp 1024w, https:\/\/zdravilisce-debelirtic.si\/wp-content\/uploads\/2025\/05\/IMG_9462-KopijaA-300x200.webp 300w, https:\/\/zdravilisce-debelirtic.si\/wp-content\/uploads\/2025\/05\/IMG_9462-KopijaA-768x512.webp 768w, https:\/\/zdravilisce-debelirtic.si\/wp-content\/uploads\/2025\/05\/IMG_9462-KopijaA-1536x1024.webp 1536w, https:\/\/zdravilisce-debelirtic.si\/wp-content\/uploads\/2025\/05\/IMG_9462-KopijaA.webp 1600w\" sizes=\"(max-width: 800px) 100vw, 800px\" \/>\t\t\t\t\t\t\t\t\t\t\t\t\t\t\t<\/div>\n\t\t\t\t<\/div>\n\t\t\t\t<\/div>\n\t\t\t\t\t<\/div>\n\t\t\t\t<\/div>\n\t\t<div class=\"elementor-element elementor-element-91245fd e-flex e-con-boxed e-con e-parent\" data-id=\"91245fd\" data-element_type=\"container\" data-settings=\"{&quot;background_background&quot;:&quot;classic&quot;}\">\n\t\t\t\t\t<div class=\"e-con-inner\">\n\t\t<div class=\"elementor-element elementor-element-a75da63 e-con-full e-flex e-con e-child\" data-id=\"a75da63\" data-element_type=\"container\">\n\t\t\t\t<div class=\"elementor-element elementor-element-13ad984 elementor-widget elementor-widget-image\" data-id=\"13ad984\" data-element_type=\"widget\" data-widget_type=\"image.default\">\n\t\t\t\t<div class=\"elementor-widget-container\">\n\t\t\t\t\t\t\t\t\t\t\t\t\t\t\t<img decoding=\"async\" width=\"718\" height=\"508\" src=\"https:\/\/zdravilisce-debelirtic.si\/wp-content\/uploads\/2025\/06\/starejsi.webp\" class=\"attachment-large size-large wp-image-2881\" alt=\"\" srcset=\"https:\/\/zdravilisce-debelirtic.si\/wp-content\/uploads\/2025\/06\/starejsi.webp 718w, https:\/\/zdravilisce-debelirtic.si\/wp-content\/uploads\/2025\/06\/starejsi-300x212.webp 300w\" sizes=\"(max-width: 718px) 100vw, 718px\" \/>\t\t\t\t\t\t\t\t\t\t\t\t\t\t\t<\/div>\n\t\t\t\t<\/div>\n\t\t\t\t<\/div>\n\t\t<div class=\"elementor-element elementor-element-702b2b8 e-con-full e-flex e-con e-child\" data-id=\"702b2b8\" data-element_type=\"container\">\n\t\t<div class=\"elementor-element elementor-element-e713950 e-con-full max-w-content e-flex e-con e-child\" data-id=\"e713950\" data-element_type=\"container\">\n\t\t\t\t<div class=\"elementor-element elementor-element-bba6d65 elementor-widget__width-inherit elementor-widget-mobile__width-inherit elementor-widget elementor-widget-heading\" data-id=\"bba6d65\" data-element_type=\"widget\" data-settings=\"{&quot;motion_fx_motion_fx_scrolling&quot;:&quot;yes&quot;,&quot;motion_fx_translateX_effect&quot;:&quot;yes&quot;,&quot;motion_fx_translateX_affectedRange&quot;:{&quot;unit&quot;:&quot;%&quot;,&quot;size&quot;:&quot;&quot;,&quot;sizes&quot;:{&quot;start&quot;:0,&quot;end&quot;:50}},&quot;motion_fx_translateX_speed&quot;:{&quot;unit&quot;:&quot;px&quot;,&quot;size&quot;:4,&quot;sizes&quot;:[]},&quot;motion_fx_devices&quot;:[&quot;desktop&quot;,&quot;tablet&quot;,&quot;mobile&quot;]}\" data-widget_type=\"heading.default\">\n\t\t\t\t<div class=\"elementor-widget-container\">\n\t\t\t\t\t<h2 class=\"elementor-heading-title elementor-size-default\">Anziani <\/h2>\t\t\t\t<\/div>\n\t\t\t\t<\/div>\n\t\t\t\t<div class=\"elementor-element elementor-element-161b4a9 elementor-widget elementor-widget-text-editor\" data-id=\"161b4a9\" data-element_type=\"widget\" data-widget_type=\"text-editor.default\">\n\t\t\t\t<div class=\"elementor-widget-container\">\n\t\t\t\t\t\t\t\t\t<p><strong>Vacanze per anziani<\/strong> offrono alle persone anziane un ambiente accogliente e di sostegno per entrare in contatto e condividere le loro esperienze. Partecipano ad attivit\u00e0 che incoraggiano la creativit\u00e0, l&#8217;esercizio fisico e l\u2019interazione.  Trenutki na letovanju ponujajo prilo\u017enosti, ki izpopolnjujejo njihova \u017eivljenja in ustvarjajo nepozabne spomine. S tem se vsak posameznik po\u010duti cenjen in sli\u0161an, kar krepi njihov ob\u010dutek vrednosti in pomembnosti v skupnosti. &nbsp;<\/p>\t\t\t\t\t\t\t\t<\/div>\n\t\t\t\t<\/div>\n\t\t\t\t<\/div>\n\t\t\t\t<\/div>\n\t\t\t\t\t<\/div>\n\t\t\t\t<\/div>\n\t\t<div class=\"elementor-element elementor-element-81a7803 e-flex e-con-boxed e-con e-parent\" data-id=\"81a7803\" data-element_type=\"container\" data-settings=\"{&quot;background_background&quot;:&quot;classic&quot;}\">\n\t\t\t\t\t<div class=\"e-con-inner\">\n\t\t\t\t<div class=\"elementor-element elementor-element-fbdf6b2 elementor-widget__width-inherit elementor-widget-mobile__width-inherit elementor-widget elementor-widget-heading\" data-id=\"fbdf6b2\" data-element_type=\"widget\" data-settings=\"{&quot;motion_fx_motion_fx_scrolling&quot;:&quot;yes&quot;,&quot;motion_fx_translateX_effect&quot;:&quot;yes&quot;,&quot;motion_fx_translateX_direction&quot;:&quot;negative&quot;,&quot;motion_fx_translateX_affectedRange&quot;:{&quot;unit&quot;:&quot;%&quot;,&quot;size&quot;:&quot;&quot;,&quot;sizes&quot;:{&quot;start&quot;:0,&quot;end&quot;:50}},&quot;motion_fx_translateX_speed&quot;:{&quot;unit&quot;:&quot;px&quot;,&quot;size&quot;:4,&quot;sizes&quot;:[]},&quot;motion_fx_devices&quot;:[&quot;desktop&quot;,&quot;tablet&quot;,&quot;mobile&quot;]}\" data-widget_type=\"heading.default\">\n\t\t\t\t<div class=\"elementor-widget-container\">\n\t\t\t\t\t<h2 class=\"elementor-heading-title elementor-size-default\">Bambini <\/h2>\t\t\t\t<\/div>\n\t\t\t\t<\/div>\n\t\t\t\t<div class=\"elementor-element elementor-element-c1860ce elementor-widget-mobile__width-inherit elementor-widget elementor-widget-heading\" data-id=\"c1860ce\" data-element_type=\"widget\" data-settings=\"{&quot;motion_fx_motion_fx_scrolling&quot;:&quot;yes&quot;,&quot;motion_fx_translateX_effect&quot;:&quot;yes&quot;,&quot;motion_fx_translateX_affectedRange&quot;:{&quot;unit&quot;:&quot;%&quot;,&quot;size&quot;:&quot;&quot;,&quot;sizes&quot;:{&quot;start&quot;:0,&quot;end&quot;:50}},&quot;motion_fx_translateX_speed&quot;:{&quot;unit&quot;:&quot;px&quot;,&quot;size&quot;:4,&quot;sizes&quot;:[]},&quot;motion_fx_devices&quot;:[&quot;desktop&quot;,&quot;tablet&quot;,&quot;mobile&quot;]}\" data-widget_type=\"heading.default\">\n\t\t\t\t<div class=\"elementor-widget-container\">\n\t\t\t\t\t<h4 class=\"elementor-heading-title elementor-size-default\">sperimentate una vacanza indimenticabile.<\/h4>\t\t\t\t<\/div>\n\t\t\t\t<\/div>\n\t\t\t\t<div class=\"elementor-element elementor-element-30bcda9 elementor-widget elementor-widget-image\" data-id=\"30bcda9\" data-element_type=\"widget\" data-widget_type=\"image.default\">\n\t\t\t\t<div class=\"elementor-widget-container\">\n\t\t\t\t\t\t\t\t\t\t\t\t\t\t\t<img decoding=\"async\" width=\"800\" height=\"445\" src=\"https:\/\/zdravilisce-debelirtic.si\/wp-content\/uploads\/2025\/06\/otroci-pocitnice-1024x570.webp\" class=\"attachment-large size-large wp-image-2884\" alt=\"\" srcset=\"https:\/\/zdravilisce-debelirtic.si\/wp-content\/uploads\/2025\/06\/otroci-pocitnice-1024x570.webp 1024w, https:\/\/zdravilisce-debelirtic.si\/wp-content\/uploads\/2025\/06\/otroci-pocitnice-300x167.webp 300w, https:\/\/zdravilisce-debelirtic.si\/wp-content\/uploads\/2025\/06\/otroci-pocitnice-768x427.webp 768w, https:\/\/zdravilisce-debelirtic.si\/wp-content\/uploads\/2025\/06\/otroci-pocitnice-1536x855.webp 1536w, https:\/\/zdravilisce-debelirtic.si\/wp-content\/uploads\/2025\/06\/otroci-pocitnice-2048x1139.webp 2048w\" sizes=\"(max-width: 800px) 100vw, 800px\" \/>\t\t\t\t\t\t\t\t\t\t\t\t\t\t\t<\/div>\n\t\t\t\t<\/div>\n\t\t\t\t\t<\/div>\n\t\t\t\t<\/div>\n\t\t<div class=\"elementor-element elementor-element-66a9fa0 e-con-full e-flex e-con e-child\" data-id=\"66a9fa0\" data-element_type=\"container\" data-settings=\"{&quot;background_background&quot;:&quot;classic&quot;}\">\n\t\t\t\t<div class=\"elementor-element elementor-element-3e332da bubble elementor-widget elementor-widget-image\" data-id=\"3e332da\" data-element_type=\"widget\" data-widget_type=\"image.default\">\n\t\t\t\t<div class=\"elementor-widget-container\">\n\t\t\t\t\t\t\t\t\t\t\t\t\t\t\t<img loading=\"lazy\" decoding=\"async\" width=\"128\" height=\"68\" src=\"https:\/\/zdravilisce-debelirtic.si\/wp-content\/uploads\/2025\/03\/simbol_val.png\" class=\"attachment-large size-large wp-image-2182\" alt=\"\" \/>\t\t\t\t\t\t\t\t\t\t\t\t\t\t\t<\/div>\n\t\t\t\t<\/div>\n\t\t\t\t<\/div>\n\t\t\t\t<\/div>\n\t\t","protected":false},"excerpt":{"rendered":"<p>Programmi Bambini Vacanze a Debeli Rti\u010d offrono un ambiente unico dove i bambini sentono un senso di sicurezza, valore e appartenenza. \u00c8 un luogo in cui si risvegliano il loro relax, la curiosit\u00e0 e la creativit\u00e0. Insieme rafforzano valori importanti come l\u2019amicizia, la compassione, la tolleranza e il rispetto, permettendo loro di affrontare pi\u00f9 facilmente [&hellip;]<\/p>\n","protected":false},"author":1,"featured_media":0,"parent":0,"menu_order":0,"comment_status":"closed","ping_status":"closed","template":"","meta":{"footnotes":""},"class_list":["post-3468","page","type-page","status-publish","hentry"],"yoast_head":"<!-- This site is optimized with the Yoast SEO plugin v25.3 - https:\/\/yoast.com\/wordpress\/plugins\/seo\/ -->\n<title>Programmi sociali - Debeli rti\u010d<\/title>\n<meta name=\"description\" content=\"I bambini e gli anziani trovano un senso di appartenenza, comprendono valori (amicizia, tolleranza, compassione) e creano momenti indimenticabili attraverso giochi, escursioni e laboratori: li aiuti a scoprire la gioia della comunit\u00e0.\" \/>\n<meta name=\"robots\" content=\"index, follow, max-snippet:-1, max-image-preview:large, max-video-preview:-1\" \/>\n<link rel=\"canonical\" href=\"https:\/\/zdravilisce-debelirtic.si\/it\/programmi-sociali\/\" \/>\n<meta property=\"og:locale\" content=\"it_IT\" \/>\n<meta property=\"og:type\" content=\"article\" \/>\n<meta property=\"og:title\" content=\"Programmi sociali - Debeli rti\u010d\" \/>\n<meta property=\"og:description\" content=\"I bambini e gli anziani trovano un senso di appartenenza, comprendono valori (amicizia, tolleranza, compassione) e creano momenti indimenticabili attraverso giochi, escursioni e laboratori: li aiuti a scoprire la gioia della comunit\u00e0.\" \/>\n<meta property=\"og:url\" content=\"https:\/\/zdravilisce-debelirtic.si\/it\/programmi-sociali\/\" \/>\n<meta property=\"og:site_name\" content=\"Debeli rti\u010d\" \/>\n<meta property=\"article:modified_time\" content=\"2025-10-21T11:56:30+00:00\" \/>\n<meta property=\"og:image\" content=\"https:\/\/zdravilisce-debelirtic.si\/wp-content\/uploads\/2025\/05\/IMG_9462-KopijaA.webp\" \/>\n\t<meta property=\"og:image:width\" content=\"1600\" \/>\n\t<meta property=\"og:image:height\" content=\"1067\" \/>\n\t<meta property=\"og:image:type\" content=\"image\/webp\" \/>\n<meta name=\"twitter:card\" content=\"summary_large_image\" \/>\n<meta name=\"twitter:label1\" content=\"Tempo di lettura stimato\" \/>\n\t<meta name=\"twitter:data1\" content=\"1 minuto\" \/>\n<script type=\"application\/ld+json\" class=\"yoast-schema-graph\">{\"@context\":\"https:\/\/schema.org\",\"@graph\":[{\"@type\":\"WebPage\",\"@id\":\"https:\/\/zdravilisce-debelirtic.si\/it\/programmi-sociali\/\",\"url\":\"https:\/\/zdravilisce-debelirtic.si\/it\/programmi-sociali\/\",\"name\":\"Programmi sociali - Debeli rti\u010d\",\"isPartOf\":{\"@id\":\"https:\/\/zdravilisce-debelirtic.si\/it\/#website\"},\"primaryImageOfPage\":{\"@id\":\"https:\/\/zdravilisce-debelirtic.si\/it\/programmi-sociali\/#primaryimage\"},\"image\":{\"@id\":\"https:\/\/zdravilisce-debelirtic.si\/it\/programmi-sociali\/#primaryimage\"},\"thumbnailUrl\":\"https:\/\/zdravilisce-debelirtic.si\/wp-content\/uploads\/2025\/05\/IMG_9462-KopijaA-1024x683.webp\",\"datePublished\":\"2025-03-20T20:15:20+00:00\",\"dateModified\":\"2025-10-21T11:56:30+00:00\",\"description\":\"I bambini e gli anziani trovano un senso di appartenenza, comprendono valori (amicizia, tolleranza, compassione) e creano momenti indimenticabili attraverso giochi, escursioni e laboratori: li aiuti a scoprire la gioia della comunit\u00e0.\",\"breadcrumb\":{\"@id\":\"https:\/\/zdravilisce-debelirtic.si\/it\/programmi-sociali\/#breadcrumb\"},\"inLanguage\":\"it-IT\",\"potentialAction\":[{\"@type\":\"ReadAction\",\"target\":[\"https:\/\/zdravilisce-debelirtic.si\/it\/programmi-sociali\/\"]}]},{\"@type\":\"ImageObject\",\"inLanguage\":\"it-IT\",\"@id\":\"https:\/\/zdravilisce-debelirtic.si\/it\/programmi-sociali\/#primaryimage\",\"url\":\"https:\/\/zdravilisce-debelirtic.si\/wp-content\/uploads\/2025\/05\/IMG_9462-KopijaA-1024x683.webp\",\"contentUrl\":\"https:\/\/zdravilisce-debelirtic.si\/wp-content\/uploads\/2025\/05\/IMG_9462-KopijaA-1024x683.webp\"},{\"@type\":\"BreadcrumbList\",\"@id\":\"https:\/\/zdravilisce-debelirtic.si\/it\/programmi-sociali\/#breadcrumb\",\"itemListElement\":[{\"@type\":\"ListItem\",\"position\":1,\"name\":\"Domov\",\"item\":\"https:\/\/zdravilisce-debelirtic.si\/it\/debeli-rtic\/\"},{\"@type\":\"ListItem\",\"position\":2,\"name\":\"Programmi sociali\"}]},{\"@type\":\"WebSite\",\"@id\":\"https:\/\/zdravilisce-debelirtic.si\/it\/#website\",\"url\":\"https:\/\/zdravilisce-debelirtic.si\/it\/\",\"name\":\"Debeli Rti\u010d\",\"description\":\"Mladinsko zdravili\u0161\u010de in letovi\u0161\u010de Rde\u010dega kri\u017ea Slovenije.\",\"publisher\":{\"@id\":\"https:\/\/zdravilisce-debelirtic.si\/it\/#organization\"},\"potentialAction\":[{\"@type\":\"SearchAction\",\"target\":{\"@type\":\"EntryPoint\",\"urlTemplate\":\"https:\/\/zdravilisce-debelirtic.si\/it\/?s={search_term_string}\"},\"query-input\":{\"@type\":\"PropertyValueSpecification\",\"valueRequired\":true,\"valueName\":\"search_term_string\"}}],\"inLanguage\":\"it-IT\"},{\"@type\":\"Organization\",\"@id\":\"https:\/\/zdravilisce-debelirtic.si\/it\/#organization\",\"name\":\"Debeli Rti\u010d\",\"url\":\"https:\/\/zdravilisce-debelirtic.si\/it\/\",\"logo\":{\"@type\":\"ImageObject\",\"inLanguage\":\"it-IT\",\"@id\":\"https:\/\/zdravilisce-debelirtic.si\/it\/#\/schema\/logo\/image\/\",\"url\":\"https:\/\/zdravilisce-debelirtic.si\/wp-content\/uploads\/2025\/03\/new-logo.webp\",\"contentUrl\":\"https:\/\/zdravilisce-debelirtic.si\/wp-content\/uploads\/2025\/03\/new-logo.webp\",\"width\":1080,\"height\":264,\"caption\":\"Debeli Rti\u010d\"},\"image\":{\"@id\":\"https:\/\/zdravilisce-debelirtic.si\/it\/#\/schema\/logo\/image\/\"}}]}<\/script>\n<!-- \/ Yoast SEO plugin. -->","yoast_head_json":{"title":"Programmi sociali - Debeli rti\u010d","description":"I bambini e gli anziani trovano un senso di appartenenza, comprendono valori (amicizia, tolleranza, compassione) e creano momenti indimenticabili attraverso giochi, escursioni e laboratori: li aiuti a scoprire la gioia della comunit\u00e0.","robots":{"index":"index","follow":"follow","max-snippet":"max-snippet:-1","max-image-preview":"max-image-preview:large","max-video-preview":"max-video-preview:-1"},"canonical":"https:\/\/zdravilisce-debelirtic.si\/it\/programmi-sociali\/","og_locale":"it_IT","og_type":"article","og_title":"Programmi sociali - Debeli rti\u010d","og_description":"I bambini e gli anziani trovano un senso di appartenenza, comprendono valori (amicizia, tolleranza, compassione) e creano momenti indimenticabili attraverso giochi, escursioni e laboratori: li aiuti a scoprire la gioia della comunit\u00e0.","og_url":"https:\/\/zdravilisce-debelirtic.si\/it\/programmi-sociali\/","og_site_name":"Debeli rti\u010d","article_modified_time":"2025-10-21T11:56:30+00:00","og_image":[{"width":1600,"height":1067,"url":"https:\/\/zdravilisce-debelirtic.si\/wp-content\/uploads\/2025\/05\/IMG_9462-KopijaA.webp","type":"image\/webp"}],"twitter_card":"summary_large_image","twitter_misc":{"Tempo di lettura stimato":"1 minuto"},"schema":{"@context":"https:\/\/schema.org","@graph":[{"@type":"WebPage","@id":"https:\/\/zdravilisce-debelirtic.si\/it\/programmi-sociali\/","url":"https:\/\/zdravilisce-debelirtic.si\/it\/programmi-sociali\/","name":"Programmi sociali - Debeli rti\u010d","isPartOf":{"@id":"https:\/\/zdravilisce-debelirtic.si\/it\/#website"},"primaryImageOfPage":{"@id":"https:\/\/zdravilisce-debelirtic.si\/it\/programmi-sociali\/#primaryimage"},"image":{"@id":"https:\/\/zdravilisce-debelirtic.si\/it\/programmi-sociali\/#primaryimage"},"thumbnailUrl":"https:\/\/zdravilisce-debelirtic.si\/wp-content\/uploads\/2025\/05\/IMG_9462-KopijaA-1024x683.webp","datePublished":"2025-03-20T20:15:20+00:00","dateModified":"2025-10-21T11:56:30+00:00","description":"I bambini e gli anziani trovano un senso di appartenenza, comprendono valori (amicizia, tolleranza, compassione) e creano momenti indimenticabili attraverso giochi, escursioni e laboratori: li aiuti a scoprire la gioia della comunit\u00e0.","breadcrumb":{"@id":"https:\/\/zdravilisce-debelirtic.si\/it\/programmi-sociali\/#breadcrumb"},"inLanguage":"it-IT","potentialAction":[{"@type":"ReadAction","target":["https:\/\/zdravilisce-debelirtic.si\/it\/programmi-sociali\/"]}]},{"@type":"ImageObject","inLanguage":"it-IT","@id":"https:\/\/zdravilisce-debelirtic.si\/it\/programmi-sociali\/#primaryimage","url":"https:\/\/zdravilisce-debelirtic.si\/wp-content\/uploads\/2025\/05\/IMG_9462-KopijaA-1024x683.webp","contentUrl":"https:\/\/zdravilisce-debelirtic.si\/wp-content\/uploads\/2025\/05\/IMG_9462-KopijaA-1024x683.webp"},{"@type":"BreadcrumbList","@id":"https:\/\/zdravilisce-debelirtic.si\/it\/programmi-sociali\/#breadcrumb","itemListElement":[{"@type":"ListItem","position":1,"name":"Domov","item":"https:\/\/zdravilisce-debelirtic.si\/it\/debeli-rtic\/"},{"@type":"ListItem","position":2,"name":"Programmi sociali"}]},{"@type":"WebSite","@id":"https:\/\/zdravilisce-debelirtic.si\/it\/#website","url":"https:\/\/zdravilisce-debelirtic.si\/it\/","name":"Debeli Rti\u010d","description":"Mladinsko zdravili\u0161\u010de in letovi\u0161\u010de Rde\u010dega kri\u017ea Slovenije.","publisher":{"@id":"https:\/\/zdravilisce-debelirtic.si\/it\/#organization"},"potentialAction":[{"@type":"SearchAction","target":{"@type":"EntryPoint","urlTemplate":"https:\/\/zdravilisce-debelirtic.si\/it\/?s={search_term_string}"},"query-input":{"@type":"PropertyValueSpecification","valueRequired":true,"valueName":"search_term_string"}}],"inLanguage":"it-IT"},{"@type":"Organization","@id":"https:\/\/zdravilisce-debelirtic.si\/it\/#organization","name":"Debeli Rti\u010d","url":"https:\/\/zdravilisce-debelirtic.si\/it\/","logo":{"@type":"ImageObject","inLanguage":"it-IT","@id":"https:\/\/zdravilisce-debelirtic.si\/it\/#\/schema\/logo\/image\/","url":"https:\/\/zdravilisce-debelirtic.si\/wp-content\/uploads\/2025\/03\/new-logo.webp","contentUrl":"https:\/\/zdravilisce-debelirtic.si\/wp-content\/uploads\/2025\/03\/new-logo.webp","width":1080,"height":264,"caption":"Debeli Rti\u010d"},"image":{"@id":"https:\/\/zdravilisce-debelirtic.si\/it\/#\/schema\/logo\/image\/"}}]}},"_links":{"self":[{"href":"https:\/\/zdravilisce-debelirtic.si\/it\/wp-json\/wp\/v2\/pages\/3468","targetHints":{"allow":["GET"]}}],"collection":[{"href":"https:\/\/zdravilisce-debelirtic.si\/it\/wp-json\/wp\/v2\/pages"}],"about":[{"href":"https:\/\/zdravilisce-debelirtic.si\/it\/wp-json\/wp\/v2\/types\/page"}],"author":[{"embeddable":true,"href":"https:\/\/zdravilisce-debelirtic.si\/it\/wp-json\/wp\/v2\/users\/1"}],"replies":[{"embeddable":true,"href":"https:\/\/zdravilisce-debelirtic.si\/it\/wp-json\/wp\/v2\/comments?post=3468"}],"version-history":[{"count":4,"href":"https:\/\/zdravilisce-debelirtic.si\/it\/wp-json\/wp\/v2\/pages\/3468\/revisions"}],"predecessor-version":[{"id":4037,"href":"https:\/\/zdravilisce-debelirtic.si\/it\/wp-json\/wp\/v2\/pages\/3468\/revisions\/4037"}],"wp:attachment":[{"href":"https:\/\/zdravilisce-debelirtic.si\/it\/wp-json\/wp\/v2\/media?parent=3468"}],"curies":[{"name":"wp","href":"https:\/\/api.w.org\/{rel}","templated":true}]}}