{"id":3453,"date":"2025-06-12T15:00:45","date_gmt":"2025-06-12T15:00:45","guid":{"rendered":"https:\/\/zdravilisce-debelirtic.si\/regole\/"},"modified":"2025-10-21T11:49:21","modified_gmt":"2025-10-21T11:49:21","slug":"regole","status":"publish","type":"page","link":"https:\/\/zdravilisce-debelirtic.si\/it\/regole\/","title":{"rendered":"Regole"},"content":{"rendered":"\t\t<div data-elementor-type=\"wp-page\" data-elementor-id=\"3453\" class=\"elementor elementor-3453 elementor-3125\" data-elementor-post-type=\"page\">\n\t\t\t\t<div class=\"elementor-element elementor-element-99548c1 e-flex e-con-boxed e-con e-parent\" data-id=\"99548c1\" data-element_type=\"container\">\n\t\t\t\t\t<div class=\"e-con-inner\">\n\t\t\t\t<div class=\"elementor-element elementor-element-c5da0d9 elementor-widget elementor-widget-text-editor\" data-id=\"c5da0d9\" data-element_type=\"widget\" data-widget_type=\"text-editor.default\">\n\t\t\t\t<div class=\"elementor-widget-container\">\n\t\t\t\t\t\t\t\t\t<p><b>Informativa sulla protezione dei dati personali<\/b><\/p>\n<p><span style=\"font-weight: 400;\">Il Centro benessere RKS Debeli Rti\u010d rispetta la sua privacy e si impegna a trattare i suoi dati personali in modo responsabile, lecito e trasparente, in conformit\u00e0 al Regolamento generale sulla protezione dei dati dell&#8217;UE (GDPR) e alla Legge sulla protezione dei dati personali (ZVOP-2).<\/span><\/p>\n<p><b>Titolare del trattamento dei dati personali<\/b><\/p>\n<p><span style=\"font-weight: 400;\">CROCE ROSSA DELLA SLOVENIA \u2013 Il Centro benessere RKS Debeli Rti\u010d<\/span><\/p>\n<p><span style=\"font-weight: 400;\">Mirje 19<\/span><span style=\"font-weight: 400;\"><br><\/span><span style=\"font-weight: 400;\">1000 Lubiana<\/span><span style=\"font-weight: 400;\"><br><\/span><span style=\"font-weight: 400;\">telefono:&nbsp;01\/ 24 14 300&nbsp;<\/span><span style=\"font-weight: 400;\"><br><\/span><span style=\"font-weight: 400;\">fax:&nbsp;01\/ 24 14 344&nbsp;<\/span><span style=\"font-weight: 400;\"><br><\/span><span style=\"font-weight: 400;\">E-mail:&nbsp;<\/span><a href=\"mailto:rdeci.kriz@rks.si\"><span style=\"font-weight: 400;\">rdeci.kriz@rks.si<\/span><\/a><span style=\"font-weight: 400;\">&nbsp;<\/span><\/p>\n<p><span style=\"font-weight: 400;\">Responsabile della protezione dei dati: mag. Nu\u0161ka Jerman <\/span><\/p>\n<p><b>Scopo del trattamento dei dati<\/b><\/p>\n<ul>\n<li style=\"font-weight: 400;\" aria-level=\"1\"><span style=\"font-weight: 400;\">Raccogliamo ed elaboriamo i dati personali solo per scopi specifici, espliciti e legittimi, come ad esempio:<\/span><\/li>\n<li style=\"font-weight: 400;\" aria-level=\"1\"><span style=\"font-weight: 400;\">rispondere alle sue richieste o prenotazioni,<\/span><\/li>\n<li style=\"font-weight: 400;\" aria-level=\"1\"><span style=\"font-weight: 400;\">informarla sui servizi della spa (con il suo consenso),<\/span><\/li>\n<li style=\"font-weight: 400;\" aria-level=\"1\"><span style=\"font-weight: 400;\">conservare i registri degli ospiti in conformit\u00e0 con la legge,<\/span><\/li>\n<li style=\"font-weight: 400;\" aria-level=\"1\"><span style=\"font-weight: 400;\">migliorare l&#8217;esperienza dell&#8217;utente sul nostro sito web (ad esempio, utilizzando i cookie).<\/span><\/li>\n<\/ul>\n<p><b>Base giuridica del trattamento<\/b><\/p>\n<p><span style=\"font-weight: 400;\">Trattiamo i suoi dati personali sulla base di:<\/span><\/p>\n<ul>\n<li style=\"font-weight: 400;\" aria-level=\"1\"><span style=\"font-weight: 400;\">il suo consenso (ad esempio, per ricevere la nostra newsletter),<\/span><\/li>\n<li style=\"font-weight: 400;\" aria-level=\"1\"><span style=\"font-weight: 400;\">un rapporto contrattuale (ad esempio, per la prenotazione di servizi),<\/span><\/li>\n<li style=\"font-weight: 400;\" aria-level=\"1\"><span style=\"font-weight: 400;\">interesse legittimo (ad esempio, per garantire la sicurezza del sito web),<\/span><\/li>\n<li style=\"font-weight: 400;\" aria-level=\"1\"><span style=\"font-weight: 400;\">obblighi legali (ad esempio, per tenere un libro degli ospiti, per contabilizzare l&#8217;IVA).<\/span><\/li>\n<\/ul>\n<p><b>Conservazione dei dati<\/b><\/p>\n<p><span style=\"font-weight: 400;\">Conserviamo i dati solo per il tempo necessario a soddisfare lo scopo per cui sono stati raccolti o per il tempo richiesto dalla legge.<\/span><\/p>\n<p><b>Trasmissione dei dati<\/b><\/p>\n<p><span style=\"font-weight: 400;\">Non trasmetteremo i suoi dati personali a terzi, tranne nei casi in cui ci\u00f2 sia necessario per la fornitura di servizi (ad esempio, un fornitore esterno di un sistema di prenotazione) o se richiesto dalla legge.<\/span><\/p>\n<p><b>I suoi diritti<\/b><\/p>\n<p><span style=\"font-weight: 400;\">Ha il diritto di:<\/span><\/p>\n<ul>\n<li style=\"font-weight: 400;\" aria-level=\"1\"><span style=\"font-weight: 400;\">richiedere l&#8217;accesso ai suoi dati personali<\/span><\/li>\n<li style=\"font-weight: 400;\" aria-level=\"1\"><span style=\"font-weight: 400;\">richiedere la rettifica o la cancellazione dei suoi dati,<\/span><\/li>\n<li style=\"font-weight: 400;\" aria-level=\"1\"><span style=\"font-weight: 400;\">richiedere la limitazione del trattamento,<\/span><\/li>\n<li style=\"font-weight: 400;\" aria-level=\"1\"><span style=\"font-weight: 400;\">opporsi al trattamento,<\/span><\/li>\n<li style=\"font-weight: 400;\" aria-level=\"1\"><span style=\"font-weight: 400;\">ritirare il consenso in qualsiasi momento, se \u00e8 stato dato,<\/span><\/li>\n<li style=\"font-weight: 400;\" aria-level=\"1\"><span style=\"font-weight: 400;\">presentare un reclamo al Commissario per l&#8217;Informazione della Repubblica di Slovenia.<\/span><\/li>\n<\/ul>\n<p><b>Contatto<\/b><\/p>\n<p><span style=\"font-weight: 400;\">Se ha domande o desidera esercitare i suoi diritti, la preghiamo di contattarci a:<\/span><span style=\"font-weight: 400;\">e-naslov:&nbsp;<\/span><u style=\"font-size: 1rem;\"><span style=\"font-size:12.0pt;font-family:\"Aptos\",sans-serif; mso-fareast-font-family:Aptos;mso-fareast-theme-font:minor-latin;mso-bidi-font-family: Aptos;color:#467886;mso-ansi-language:SL;mso-fareast-language:SL;mso-bidi-language: AR-SA\"><a href=\"mailto:debeli-rtic.mzl@mzl-rks.si\"><span style=\"color:#467886\">debeli-rtic.mzl@mzl-rks.si<\/span><\/a>.<\/span><\/u><\/p>\n<p><\/p>\t\t\t\t\t\t\t\t<\/div>\n\t\t\t\t<\/div>\n\t\t\t\t\t<\/div>\n\t\t\t\t<\/div>\n\t\t\t\t<\/div>\n\t\t","protected":false},"excerpt":{"rendered":"<p>Informativa sulla protezione dei dati personali Il Centro benessere RKS Debeli Rti\u010d rispetta la sua privacy e si impegna a trattare i suoi dati personali in modo responsabile, lecito e trasparente, in conformit\u00e0 al Regolamento generale sulla protezione dei dati dell&#8217;UE (GDPR) e alla Legge sulla protezione dei dati personali (ZVOP-2). Titolare del trattamento dei [&hellip;]<\/p>\n","protected":false},"author":1,"featured_media":0,"parent":0,"menu_order":0,"comment_status":"closed","ping_status":"closed","template":"","meta":{"footnotes":""},"class_list":["post-3453","page","type-page","status-publish","hentry"],"yoast_head":"<!-- This site is optimized with the Yoast SEO plugin v25.3 - https:\/\/yoast.com\/wordpress\/plugins\/seo\/ -->\n<title>Regole - Debeli rti\u010d<\/title>\n<meta name=\"description\" content=\"Rispettiamo la tua privacy: trattiamo i dati personali in conformit\u00e0 con il GDPR per prenotazioni, newsletter elettroniche, miglioramento dell&#039;esperienza e sicurezza. Disponiamo di soluzioni di accessibilit\u00e0 per epilettici, ipovedenti, ADHD e altre esigenze.\" \/>\n<meta name=\"robots\" content=\"index, follow, max-snippet:-1, max-image-preview:large, max-video-preview:-1\" \/>\n<link rel=\"canonical\" href=\"https:\/\/zdravilisce-debelirtic.si\/it\/regole\/\" \/>\n<meta property=\"og:locale\" content=\"it_IT\" \/>\n<meta property=\"og:type\" content=\"article\" \/>\n<meta property=\"og:title\" content=\"Regole - Debeli rti\u010d\" \/>\n<meta property=\"og:description\" content=\"Rispettiamo la tua privacy: trattiamo i dati personali in conformit\u00e0 con il GDPR per prenotazioni, newsletter elettroniche, miglioramento dell&#039;esperienza e sicurezza. Disponiamo di soluzioni di accessibilit\u00e0 per epilettici, ipovedenti, ADHD e altre esigenze.\" \/>\n<meta property=\"og:url\" content=\"https:\/\/zdravilisce-debelirtic.si\/it\/regole\/\" \/>\n<meta property=\"og:site_name\" content=\"Debeli rti\u010d\" \/>\n<meta property=\"article:modified_time\" content=\"2025-10-21T11:49:21+00:00\" \/>\n<meta property=\"og:image\" content=\"https:\/\/zdravilisce-debelirtic.si\/wp-content\/uploads\/2025\/04\/daf5775f3862f523713e92b3cd913133-scaled.jpg\" \/>\n\t<meta property=\"og:image:width\" content=\"2560\" \/>\n\t<meta property=\"og:image:height\" content=\"1706\" \/>\n\t<meta property=\"og:image:type\" content=\"image\/jpeg\" \/>\n<meta name=\"twitter:card\" content=\"summary_large_image\" \/>\n<meta name=\"twitter:label1\" content=\"Tempo di lettura stimato\" \/>\n\t<meta name=\"twitter:data1\" content=\"2 minuti\" \/>\n<script type=\"application\/ld+json\" class=\"yoast-schema-graph\">{\"@context\":\"https:\/\/schema.org\",\"@graph\":[{\"@type\":\"WebPage\",\"@id\":\"https:\/\/zdravilisce-debelirtic.si\/it\/regole\/\",\"url\":\"https:\/\/zdravilisce-debelirtic.si\/it\/regole\/\",\"name\":\"Regole - Debeli rti\u010d\",\"isPartOf\":{\"@id\":\"https:\/\/zdravilisce-debelirtic.si\/it\/#website\"},\"datePublished\":\"2025-06-12T15:00:45+00:00\",\"dateModified\":\"2025-10-21T11:49:21+00:00\",\"description\":\"Rispettiamo la tua privacy: trattiamo i dati personali in conformit\u00e0 con il GDPR per prenotazioni, newsletter elettroniche, miglioramento dell'esperienza e sicurezza. Disponiamo di soluzioni di accessibilit\u00e0 per epilettici, ipovedenti, ADHD e altre esigenze.\",\"breadcrumb\":{\"@id\":\"https:\/\/zdravilisce-debelirtic.si\/it\/regole\/#breadcrumb\"},\"inLanguage\":\"it-IT\",\"potentialAction\":[{\"@type\":\"ReadAction\",\"target\":[\"https:\/\/zdravilisce-debelirtic.si\/it\/regole\/\"]}]},{\"@type\":\"BreadcrumbList\",\"@id\":\"https:\/\/zdravilisce-debelirtic.si\/it\/regole\/#breadcrumb\",\"itemListElement\":[{\"@type\":\"ListItem\",\"position\":1,\"name\":\"Domov\",\"item\":\"https:\/\/zdravilisce-debelirtic.si\/it\/debeli-rtic\/\"},{\"@type\":\"ListItem\",\"position\":2,\"name\":\"Regole\"}]},{\"@type\":\"WebSite\",\"@id\":\"https:\/\/zdravilisce-debelirtic.si\/it\/#website\",\"url\":\"https:\/\/zdravilisce-debelirtic.si\/it\/\",\"name\":\"Debeli Rti\u010d\",\"description\":\"Mladinsko zdravili\u0161\u010de in letovi\u0161\u010de Rde\u010dega kri\u017ea Slovenije.\",\"publisher\":{\"@id\":\"https:\/\/zdravilisce-debelirtic.si\/it\/#organization\"},\"potentialAction\":[{\"@type\":\"SearchAction\",\"target\":{\"@type\":\"EntryPoint\",\"urlTemplate\":\"https:\/\/zdravilisce-debelirtic.si\/it\/?s={search_term_string}\"},\"query-input\":{\"@type\":\"PropertyValueSpecification\",\"valueRequired\":true,\"valueName\":\"search_term_string\"}}],\"inLanguage\":\"it-IT\"},{\"@type\":\"Organization\",\"@id\":\"https:\/\/zdravilisce-debelirtic.si\/it\/#organization\",\"name\":\"Debeli Rti\u010d\",\"url\":\"https:\/\/zdravilisce-debelirtic.si\/it\/\",\"logo\":{\"@type\":\"ImageObject\",\"inLanguage\":\"it-IT\",\"@id\":\"https:\/\/zdravilisce-debelirtic.si\/it\/#\/schema\/logo\/image\/\",\"url\":\"https:\/\/zdravilisce-debelirtic.si\/wp-content\/uploads\/2025\/03\/new-logo.webp\",\"contentUrl\":\"https:\/\/zdravilisce-debelirtic.si\/wp-content\/uploads\/2025\/03\/new-logo.webp\",\"width\":1080,\"height\":264,\"caption\":\"Debeli Rti\u010d\"},\"image\":{\"@id\":\"https:\/\/zdravilisce-debelirtic.si\/it\/#\/schema\/logo\/image\/\"}}]}<\/script>\n<!-- \/ Yoast SEO plugin. -->","yoast_head_json":{"title":"Regole - Debeli rti\u010d","description":"Rispettiamo la tua privacy: trattiamo i dati personali in conformit\u00e0 con il GDPR per prenotazioni, newsletter elettroniche, miglioramento dell'esperienza e sicurezza. Disponiamo di soluzioni di accessibilit\u00e0 per epilettici, ipovedenti, ADHD e altre esigenze.","robots":{"index":"index","follow":"follow","max-snippet":"max-snippet:-1","max-image-preview":"max-image-preview:large","max-video-preview":"max-video-preview:-1"},"canonical":"https:\/\/zdravilisce-debelirtic.si\/it\/regole\/","og_locale":"it_IT","og_type":"article","og_title":"Regole - Debeli rti\u010d","og_description":"Rispettiamo la tua privacy: trattiamo i dati personali in conformit\u00e0 con il GDPR per prenotazioni, newsletter elettroniche, miglioramento dell'esperienza e sicurezza. Disponiamo di soluzioni di accessibilit\u00e0 per epilettici, ipovedenti, ADHD e altre esigenze.","og_url":"https:\/\/zdravilisce-debelirtic.si\/it\/regole\/","og_site_name":"Debeli rti\u010d","article_modified_time":"2025-10-21T11:49:21+00:00","og_image":[{"width":2560,"height":1706,"url":"https:\/\/zdravilisce-debelirtic.si\/wp-content\/uploads\/2025\/04\/daf5775f3862f523713e92b3cd913133-scaled.jpg","type":"image\/jpeg"}],"twitter_card":"summary_large_image","twitter_misc":{"Tempo di lettura stimato":"2 minuti"},"schema":{"@context":"https:\/\/schema.org","@graph":[{"@type":"WebPage","@id":"https:\/\/zdravilisce-debelirtic.si\/it\/regole\/","url":"https:\/\/zdravilisce-debelirtic.si\/it\/regole\/","name":"Regole - Debeli rti\u010d","isPartOf":{"@id":"https:\/\/zdravilisce-debelirtic.si\/it\/#website"},"datePublished":"2025-06-12T15:00:45+00:00","dateModified":"2025-10-21T11:49:21+00:00","description":"Rispettiamo la tua privacy: trattiamo i dati personali in conformit\u00e0 con il GDPR per prenotazioni, newsletter elettroniche, miglioramento dell'esperienza e sicurezza. Disponiamo di soluzioni di accessibilit\u00e0 per epilettici, ipovedenti, ADHD e altre esigenze.","breadcrumb":{"@id":"https:\/\/zdravilisce-debelirtic.si\/it\/regole\/#breadcrumb"},"inLanguage":"it-IT","potentialAction":[{"@type":"ReadAction","target":["https:\/\/zdravilisce-debelirtic.si\/it\/regole\/"]}]},{"@type":"BreadcrumbList","@id":"https:\/\/zdravilisce-debelirtic.si\/it\/regole\/#breadcrumb","itemListElement":[{"@type":"ListItem","position":1,"name":"Domov","item":"https:\/\/zdravilisce-debelirtic.si\/it\/debeli-rtic\/"},{"@type":"ListItem","position":2,"name":"Regole"}]},{"@type":"WebSite","@id":"https:\/\/zdravilisce-debelirtic.si\/it\/#website","url":"https:\/\/zdravilisce-debelirtic.si\/it\/","name":"Debeli Rti\u010d","description":"Mladinsko zdravili\u0161\u010de in letovi\u0161\u010de Rde\u010dega kri\u017ea Slovenije.","publisher":{"@id":"https:\/\/zdravilisce-debelirtic.si\/it\/#organization"},"potentialAction":[{"@type":"SearchAction","target":{"@type":"EntryPoint","urlTemplate":"https:\/\/zdravilisce-debelirtic.si\/it\/?s={search_term_string}"},"query-input":{"@type":"PropertyValueSpecification","valueRequired":true,"valueName":"search_term_string"}}],"inLanguage":"it-IT"},{"@type":"Organization","@id":"https:\/\/zdravilisce-debelirtic.si\/it\/#organization","name":"Debeli Rti\u010d","url":"https:\/\/zdravilisce-debelirtic.si\/it\/","logo":{"@type":"ImageObject","inLanguage":"it-IT","@id":"https:\/\/zdravilisce-debelirtic.si\/it\/#\/schema\/logo\/image\/","url":"https:\/\/zdravilisce-debelirtic.si\/wp-content\/uploads\/2025\/03\/new-logo.webp","contentUrl":"https:\/\/zdravilisce-debelirtic.si\/wp-content\/uploads\/2025\/03\/new-logo.webp","width":1080,"height":264,"caption":"Debeli Rti\u010d"},"image":{"@id":"https:\/\/zdravilisce-debelirtic.si\/it\/#\/schema\/logo\/image\/"}}]}},"_links":{"self":[{"href":"https:\/\/zdravilisce-debelirtic.si\/it\/wp-json\/wp\/v2\/pages\/3453","targetHints":{"allow":["GET"]}}],"collection":[{"href":"https:\/\/zdravilisce-debelirtic.si\/it\/wp-json\/wp\/v2\/pages"}],"about":[{"href":"https:\/\/zdravilisce-debelirtic.si\/it\/wp-json\/wp\/v2\/types\/page"}],"author":[{"embeddable":true,"href":"https:\/\/zdravilisce-debelirtic.si\/it\/wp-json\/wp\/v2\/users\/1"}],"replies":[{"embeddable":true,"href":"https:\/\/zdravilisce-debelirtic.si\/it\/wp-json\/wp\/v2\/comments?post=3453"}],"version-history":[{"count":3,"href":"https:\/\/zdravilisce-debelirtic.si\/it\/wp-json\/wp\/v2\/pages\/3453\/revisions"}],"predecessor-version":[{"id":4031,"href":"https:\/\/zdravilisce-debelirtic.si\/it\/wp-json\/wp\/v2\/pages\/3453\/revisions\/4031"}],"wp:attachment":[{"href":"https:\/\/zdravilisce-debelirtic.si\/it\/wp-json\/wp\/v2\/media?parent=3453"}],"curies":[{"name":"wp","href":"https:\/\/api.w.org\/{rel}","templated":true}]}}