{"id":3448,"date":"2025-03-20T20:15:41","date_gmt":"2025-03-20T20:15:41","guid":{"rendered":"https:\/\/zdravilisce-debelirtic.si\/gruppi-di-vacanza\/"},"modified":"2025-07-08T16:59:07","modified_gmt":"2025-07-08T16:59:07","slug":"gruppi-di-vacanza","status":"publish","type":"page","link":"https:\/\/zdravilisce-debelirtic.si\/it\/gruppi-di-vacanza\/","title":{"rendered":"Gruppi vacanze"},"content":{"rendered":"\t\t<div data-elementor-type=\"wp-page\" data-elementor-id=\"3448\" class=\"elementor elementor-3448 elementor-185\" data-elementor-post-type=\"page\">\n\t\t\t\t<div class=\"elementor-element elementor-element-ab2563b e-flex e-con-boxed e-con e-parent\" data-id=\"ab2563b\" data-element_type=\"container\" data-settings=\"{&quot;background_background&quot;:&quot;classic&quot;}\">\n\t\t\t\t\t<div class=\"e-con-inner\">\n\t\t<div class=\"elementor-element elementor-element-e314f9f e-con-full e-flex e-con e-child\" data-id=\"e314f9f\" data-element_type=\"container\">\n\t\t\t\t<div class=\"elementor-element elementor-element-4c8bb00 elementor-widget elementor-widget-heading\" data-id=\"4c8bb00\" data-element_type=\"widget\" data-widget_type=\"heading.default\">\n\t\t\t\t<div class=\"elementor-widget-container\">\n\t\t\t\t\t<h2 class=\"elementor-heading-title elementor-size-default\">Programmi<\/h2>\t\t\t\t<\/div>\n\t\t\t\t<\/div>\n\t\t\t\t<div class=\"elementor-element elementor-element-5a3be7e elementor-widget elementor-widget-heading\" data-id=\"5a3be7e\" data-element_type=\"widget\" data-widget_type=\"heading.default\">\n\t\t\t\t<div class=\"elementor-widget-container\">\n\t\t\t\t\t<h2 class=\"elementor-heading-title elementor-size-default\">Gruppi vacanze<\/h2>\t\t\t\t<\/div>\n\t\t\t\t<\/div>\n\t\t\t\t<\/div>\n\t\t\t\t<div class=\"elementor-element elementor-element-7a67fcd elementor-absolute bubble elementor-widget elementor-widget-image\" data-id=\"7a67fcd\" data-element_type=\"widget\" data-settings=\"{&quot;_position&quot;:&quot;absolute&quot;}\" data-widget_type=\"image.default\">\n\t\t\t\t<div class=\"elementor-widget-container\">\n\t\t\t\t\t\t\t\t\t\t\t\t\t\t\t<img fetchpriority=\"high\" decoding=\"async\" width=\"249\" height=\"353\" src=\"https:\/\/zdravilisce-debelirtic.si\/wp-content\/uploads\/2025\/03\/Layer_1.png\" class=\"attachment-large size-large wp-image-2202\" alt=\"\" srcset=\"https:\/\/zdravilisce-debelirtic.si\/wp-content\/uploads\/2025\/03\/Layer_1.png 249w, https:\/\/zdravilisce-debelirtic.si\/wp-content\/uploads\/2025\/03\/Layer_1-212x300.png 212w\" sizes=\"(max-width: 249px) 100vw, 249px\" \/>\t\t\t\t\t\t\t\t\t\t\t\t\t\t\t<\/div>\n\t\t\t\t<\/div>\n\t\t\t\t\t<\/div>\n\t\t\t\t<\/div>\n\t\t<div class=\"elementor-element elementor-element-0eb2f75 e-flex e-con-boxed e-con e-parent\" data-id=\"0eb2f75\" data-element_type=\"container\" data-settings=\"{&quot;background_background&quot;:&quot;classic&quot;}\">\n\t\t\t\t\t<div class=\"e-con-inner\">\n\t\t<div class=\"elementor-element elementor-element-8d4a131 e-con-full e-flex e-con e-child\" data-id=\"8d4a131\" data-element_type=\"container\">\n\t\t<div class=\"elementor-element elementor-element-93b8922 e-con-full max-w-content e-flex e-con e-child\" data-id=\"93b8922\" data-element_type=\"container\">\n\t\t\t\t<div class=\"elementor-element elementor-element-ba59524 elementor-widget elementor-widget-text-editor\" data-id=\"ba59524\" data-element_type=\"widget\" data-widget_type=\"text-editor.default\">\n\t\t\t\t<div class=\"elementor-widget-container\">\n\t\t\t\t\t\t\t\t\t<p>Gruppi di bambini con accompagnatori, <\/p><p>siete invitati a sperimentare le vacanze estive, sessioni di formazione, incontri, campi per varie attivit\u00e0 sportive e culturali.<\/p>\t\t\t\t\t\t\t\t<\/div>\n\t\t\t\t<\/div>\n\t\t\t\t<div class=\"elementor-element elementor-element-390a109 elementor-widget elementor-widget-text-editor\" data-id=\"390a109\" data-element_type=\"widget\" data-widget_type=\"text-editor.default\">\n\t\t\t\t<div class=\"elementor-widget-container\">\n\t\t\t\t\t\t\t\t\t<p>I prezzi convenienti di pensione completa comprendono:&nbsp;<\/p>\n<ul>\n<li style=\"font-weight: 400;\" aria-level=\"1\"><span style=\"font-weight: 400;\">cinque pasti al giorno;&nbsp;<\/span><\/li>\n<\/ul>\n<ul>\n<li style=\"font-weight: 400;\" aria-level=\"1\"><span style=\"font-weight: 400;\">accesso alle piscine esterne (da giugno a fine agosto)&nbsp; e interne con acqua di mare;&nbsp;<\/span><\/li>\n<\/ul>\n<ul>\n<li style=\"font-weight: 400;\" aria-level=\"1\"><span style=\"font-weight: 400;\">alloggio negli ostelli della giovent\u00f9&nbsp;<\/span><\/li>\n<\/ul>\n<ul>\n<li style=\"font-weight: 400;\" aria-level=\"1\"><span style=\"font-weight: 400;\">uso delle strutture sportive;<\/span><\/li>\n<\/ul>\n<ul>\n<li style=\"font-weight: 400;\" aria-level=\"1\"><span style=\"font-weight: 400;\">uso di aule con attrezzature o di aule all&#8217;aperto;&nbsp;<\/span><\/li>\n<\/ul>\n<ul>\n<li style=\"font-weight: 400;\" aria-level=\"1\"><span style=\"font-weight: 400;\">assistenza sanitaria di base nella clinica per bambini.&nbsp;<\/span><\/li>\n<\/ul>\t\t\t\t\t\t\t\t<\/div>\n\t\t\t\t<\/div>\n\t\t\t\t<\/div>\n\t\t\t\t<\/div>\n\t\t<div class=\"elementor-element elementor-element-9e8f847 e-con-full e-flex e-con e-child\" data-id=\"9e8f847\" data-element_type=\"container\">\n\t\t\t\t<div class=\"elementor-element elementor-element-2add21b elementor-widget elementor-widget-image\" data-id=\"2add21b\" data-element_type=\"widget\" data-widget_type=\"image.default\">\n\t\t\t\t<div class=\"elementor-widget-container\">\n\t\t\t\t\t\t\t\t\t\t\t\t\t\t\t<img decoding=\"async\" width=\"825\" height=\"619\" src=\"https:\/\/zdravilisce-debelirtic.si\/wp-content\/uploads\/2025\/06\/Sola-v-naravi.webp\" class=\"attachment-full size-full wp-image-2830\" alt=\"\" srcset=\"https:\/\/zdravilisce-debelirtic.si\/wp-content\/uploads\/2025\/06\/Sola-v-naravi.webp 825w, https:\/\/zdravilisce-debelirtic.si\/wp-content\/uploads\/2025\/06\/Sola-v-naravi-300x225.webp 300w, https:\/\/zdravilisce-debelirtic.si\/wp-content\/uploads\/2025\/06\/Sola-v-naravi-768x576.webp 768w\" sizes=\"(max-width: 825px) 100vw, 825px\" \/>\t\t\t\t\t\t\t\t\t\t\t\t\t\t\t<\/div>\n\t\t\t\t<\/div>\n\t\t\t\t<\/div>\n\t\t\t\t\t<\/div>\n\t\t\t\t<\/div>\n\t\t<div class=\"elementor-element elementor-element-2e36faa e-flex e-con-boxed e-con e-parent\" data-id=\"2e36faa\" data-element_type=\"container\" data-settings=\"{&quot;background_background&quot;:&quot;classic&quot;}\">\n\t\t\t\t\t<div class=\"e-con-inner\">\n\t\t<div class=\"elementor-element elementor-element-1a29aec e-con-full e-flex e-con e-child\" data-id=\"1a29aec\" data-element_type=\"container\">\n\t\t\t\t<div class=\"elementor-element elementor-element-ee23e9b elementor-widget elementor-widget-heading\" data-id=\"ee23e9b\" data-element_type=\"widget\" data-settings=\"{&quot;motion_fx_motion_fx_scrolling&quot;:&quot;yes&quot;,&quot;motion_fx_translateX_effect&quot;:&quot;yes&quot;,&quot;motion_fx_translateX_direction&quot;:&quot;negative&quot;,&quot;motion_fx_translateX_affectedRange&quot;:{&quot;unit&quot;:&quot;%&quot;,&quot;size&quot;:&quot;&quot;,&quot;sizes&quot;:{&quot;start&quot;:0,&quot;end&quot;:50}},&quot;motion_fx_translateX_speed&quot;:{&quot;unit&quot;:&quot;px&quot;,&quot;size&quot;:4,&quot;sizes&quot;:[]},&quot;motion_fx_devices&quot;:[&quot;desktop&quot;,&quot;tablet&quot;,&quot;mobile&quot;]}\" data-widget_type=\"heading.default\">\n\t\t\t\t<div class=\"elementor-widget-container\">\n\t\t\t\t\t<h2 class=\"elementor-heading-title elementor-size-default\">Invia la tua candidatura<\/h2>\t\t\t\t<\/div>\n\t\t\t\t<\/div>\n\t\t\t\t<div class=\"elementor-element elementor-element-fbe6661 elementor-widget elementor-widget-heading\" data-id=\"fbe6661\" data-element_type=\"widget\" data-settings=\"{&quot;motion_fx_motion_fx_scrolling&quot;:&quot;yes&quot;,&quot;motion_fx_translateX_effect&quot;:&quot;yes&quot;,&quot;motion_fx_translateX_affectedRange&quot;:{&quot;unit&quot;:&quot;%&quot;,&quot;size&quot;:&quot;&quot;,&quot;sizes&quot;:{&quot;start&quot;:0,&quot;end&quot;:50}},&quot;motion_fx_translateX_speed&quot;:{&quot;unit&quot;:&quot;px&quot;,&quot;size&quot;:4,&quot;sizes&quot;:[]},&quot;motion_fx_devices&quot;:[&quot;desktop&quot;,&quot;tablet&quot;,&quot;mobile&quot;]}\" data-widget_type=\"heading.default\">\n\t\t\t\t<div class=\"elementor-widget-container\">\n\t\t\t\t\t<h2 class=\"elementor-heading-title elementor-size-default\">Il Centro benessere RKS Debeli Rti\u010d vi sta aspettando.<\/h2>\t\t\t\t<\/div>\n\t\t\t\t<\/div>\n\t\t\t\t<div class=\"elementor-element elementor-element-7f7368d elementor-align-center elementor-widget elementor-widget-button\" data-id=\"7f7368d\" data-element_type=\"widget\" data-widget_type=\"button.default\">\n\t\t\t\t<div class=\"elementor-widget-container\">\n\t\t\t\t\t\t\t\t\t<div class=\"elementor-button-wrapper\">\n\t\t\t\t\t<a class=\"elementor-button elementor-button-link elementor-size-sm\" href=\"https:\/\/forms.office.com\/e\/fM6m3L0Pm1\" target=\"_blank\">\n\t\t\t\t\t\t<span class=\"elementor-button-content-wrapper\">\n\t\t\t\t\t\t\t\t\t<span class=\"elementor-button-text\">Invia una richiesta<\/span>\n\t\t\t\t\t<\/span>\n\t\t\t\t\t<\/a>\n\t\t\t\t<\/div>\n\t\t\t\t\t\t\t\t<\/div>\n\t\t\t\t<\/div>\n\t\t\t\t<\/div>\n\t\t\t\t\t<\/div>\n\t\t\t\t<\/div>\n\t\t<div class=\"elementor-element elementor-element-dd787ac e-con-full e-flex e-con e-child\" data-id=\"dd787ac\" data-element_type=\"container\" data-settings=\"{&quot;background_background&quot;:&quot;classic&quot;}\">\n\t\t\t\t<div class=\"elementor-element elementor-element-45b45cb bubble elementor-widget elementor-widget-image\" data-id=\"45b45cb\" data-element_type=\"widget\" data-widget_type=\"image.default\">\n\t\t\t\t<div class=\"elementor-widget-container\">\n\t\t\t\t\t\t\t\t\t\t\t\t\t\t\t<img decoding=\"async\" width=\"128\" height=\"68\" src=\"https:\/\/zdravilisce-debelirtic.si\/wp-content\/uploads\/2025\/03\/simbol_val.png\" class=\"attachment-large size-large wp-image-2182\" alt=\"\" \/>\t\t\t\t\t\t\t\t\t\t\t\t\t\t\t<\/div>\n\t\t\t\t<\/div>\n\t\t\t\t<\/div>\n\t\t\t\t<\/div>\n\t\t","protected":false},"excerpt":{"rendered":"<p>Programmi Gruppi di bambini con accompagnatori, siete invitati a sperimentare le vacanze estive, sessioni di formazione, incontri, campi per varie attivit\u00e0 sportive e culturali. I prezzi convenienti di pensione completa comprendono:&nbsp; cinque pasti al giorno;&nbsp; accesso alle piscine esterne (da giugno a fine agosto)&nbsp; e interne con acqua di mare;&nbsp; alloggio negli ostelli della giovent\u00f9&nbsp; [&hellip;]<\/p>\n","protected":false},"author":1,"featured_media":0,"parent":0,"menu_order":0,"comment_status":"closed","ping_status":"closed","template":"","meta":{"footnotes":""},"class_list":["post-3448","page","type-page","status-publish","hentry"],"yoast_head":"<!-- This site is optimized with the Yoast SEO plugin v25.3 - https:\/\/yoast.com\/wordpress\/plugins\/seo\/ -->\n<title>Gruppi vacanze - Debeli rti\u010d<\/title>\n<meta name=\"description\" content=\"I bambini e i loro accompagnatori sono invitati a partecipare a programmi sportivi, culturali e di campeggio con pensione completa, accesso a piscine coperte e scoperte, aree sportive e assistenza sanitaria di base a prezzi accessibili.\" \/>\n<meta name=\"robots\" content=\"index, follow, max-snippet:-1, max-image-preview:large, max-video-preview:-1\" \/>\n<link rel=\"canonical\" href=\"https:\/\/zdravilisce-debelirtic.si\/it\/gruppi-di-vacanza\/\" \/>\n<meta property=\"og:locale\" content=\"it_IT\" \/>\n<meta property=\"og:type\" content=\"article\" \/>\n<meta property=\"og:title\" content=\"Gruppi vacanze - Debeli rti\u010d\" \/>\n<meta property=\"og:description\" content=\"I bambini e i loro accompagnatori sono invitati a partecipare a programmi sportivi, culturali e di campeggio con pensione completa, accesso a piscine coperte e scoperte, aree sportive e assistenza sanitaria di base a prezzi accessibili.\" \/>\n<meta property=\"og:url\" content=\"https:\/\/zdravilisce-debelirtic.si\/it\/gruppi-di-vacanza\/\" \/>\n<meta property=\"og:site_name\" content=\"Debeli rti\u010d\" \/>\n<meta property=\"article:modified_time\" content=\"2025-07-08T16:59:07+00:00\" \/>\n<meta property=\"og:image\" content=\"https:\/\/zdravilisce-debelirtic.si\/wp-content\/uploads\/2025\/03\/Layer_1.png\" \/>\n\t<meta property=\"og:image:width\" content=\"249\" \/>\n\t<meta property=\"og:image:height\" content=\"353\" \/>\n\t<meta property=\"og:image:type\" content=\"image\/png\" \/>\n<meta name=\"twitter:card\" content=\"summary_large_image\" \/>\n<script type=\"application\/ld+json\" class=\"yoast-schema-graph\">{\"@context\":\"https:\/\/schema.org\",\"@graph\":[{\"@type\":\"WebPage\",\"@id\":\"https:\/\/zdravilisce-debelirtic.si\/it\/gruppi-di-vacanza\/\",\"url\":\"https:\/\/zdravilisce-debelirtic.si\/it\/gruppi-di-vacanza\/\",\"name\":\"Gruppi vacanze - Debeli rti\u010d\",\"isPartOf\":{\"@id\":\"https:\/\/zdravilisce-debelirtic.si\/it\/#website\"},\"primaryImageOfPage\":{\"@id\":\"https:\/\/zdravilisce-debelirtic.si\/it\/gruppi-di-vacanza\/#primaryimage\"},\"image\":{\"@id\":\"https:\/\/zdravilisce-debelirtic.si\/it\/gruppi-di-vacanza\/#primaryimage\"},\"thumbnailUrl\":\"https:\/\/zdravilisce-debelirtic.si\/wp-content\/uploads\/2025\/03\/Layer_1.png\",\"datePublished\":\"2025-03-20T20:15:41+00:00\",\"dateModified\":\"2025-07-08T16:59:07+00:00\",\"description\":\"I bambini e i loro accompagnatori sono invitati a partecipare a programmi sportivi, culturali e di campeggio con pensione completa, accesso a piscine coperte e scoperte, aree sportive e assistenza sanitaria di base a prezzi accessibili.\",\"breadcrumb\":{\"@id\":\"https:\/\/zdravilisce-debelirtic.si\/it\/gruppi-di-vacanza\/#breadcrumb\"},\"inLanguage\":\"it-IT\",\"potentialAction\":[{\"@type\":\"ReadAction\",\"target\":[\"https:\/\/zdravilisce-debelirtic.si\/it\/gruppi-di-vacanza\/\"]}]},{\"@type\":\"ImageObject\",\"inLanguage\":\"it-IT\",\"@id\":\"https:\/\/zdravilisce-debelirtic.si\/it\/gruppi-di-vacanza\/#primaryimage\",\"url\":\"https:\/\/zdravilisce-debelirtic.si\/wp-content\/uploads\/2025\/03\/Layer_1.png\",\"contentUrl\":\"https:\/\/zdravilisce-debelirtic.si\/wp-content\/uploads\/2025\/03\/Layer_1.png\"},{\"@type\":\"BreadcrumbList\",\"@id\":\"https:\/\/zdravilisce-debelirtic.si\/it\/gruppi-di-vacanza\/#breadcrumb\",\"itemListElement\":[{\"@type\":\"ListItem\",\"position\":1,\"name\":\"Domov\",\"item\":\"https:\/\/zdravilisce-debelirtic.si\/it\/debeli-rtic\/\"},{\"@type\":\"ListItem\",\"position\":2,\"name\":\"Gruppi vacanze\"}]},{\"@type\":\"WebSite\",\"@id\":\"https:\/\/zdravilisce-debelirtic.si\/it\/#website\",\"url\":\"https:\/\/zdravilisce-debelirtic.si\/it\/\",\"name\":\"Debeli Rti\u010d\",\"description\":\"Mladinsko zdravili\u0161\u010de in letovi\u0161\u010de Rde\u010dega kri\u017ea Slovenije.\",\"publisher\":{\"@id\":\"https:\/\/zdravilisce-debelirtic.si\/it\/#organization\"},\"potentialAction\":[{\"@type\":\"SearchAction\",\"target\":{\"@type\":\"EntryPoint\",\"urlTemplate\":\"https:\/\/zdravilisce-debelirtic.si\/it\/?s={search_term_string}\"},\"query-input\":{\"@type\":\"PropertyValueSpecification\",\"valueRequired\":true,\"valueName\":\"search_term_string\"}}],\"inLanguage\":\"it-IT\"},{\"@type\":\"Organization\",\"@id\":\"https:\/\/zdravilisce-debelirtic.si\/it\/#organization\",\"name\":\"Debeli Rti\u010d\",\"url\":\"https:\/\/zdravilisce-debelirtic.si\/it\/\",\"logo\":{\"@type\":\"ImageObject\",\"inLanguage\":\"it-IT\",\"@id\":\"https:\/\/zdravilisce-debelirtic.si\/it\/#\/schema\/logo\/image\/\",\"url\":\"https:\/\/zdravilisce-debelirtic.si\/wp-content\/uploads\/2025\/03\/new-logo.webp\",\"contentUrl\":\"https:\/\/zdravilisce-debelirtic.si\/wp-content\/uploads\/2025\/03\/new-logo.webp\",\"width\":1080,\"height\":264,\"caption\":\"Debeli Rti\u010d\"},\"image\":{\"@id\":\"https:\/\/zdravilisce-debelirtic.si\/it\/#\/schema\/logo\/image\/\"}}]}<\/script>\n<!-- \/ Yoast SEO plugin. -->","yoast_head_json":{"title":"Gruppi vacanze - Debeli rti\u010d","description":"I bambini e i loro accompagnatori sono invitati a partecipare a programmi sportivi, culturali e di campeggio con pensione completa, accesso a piscine coperte e scoperte, aree sportive e assistenza sanitaria di base a prezzi accessibili.","robots":{"index":"index","follow":"follow","max-snippet":"max-snippet:-1","max-image-preview":"max-image-preview:large","max-video-preview":"max-video-preview:-1"},"canonical":"https:\/\/zdravilisce-debelirtic.si\/it\/gruppi-di-vacanza\/","og_locale":"it_IT","og_type":"article","og_title":"Gruppi vacanze - Debeli rti\u010d","og_description":"I bambini e i loro accompagnatori sono invitati a partecipare a programmi sportivi, culturali e di campeggio con pensione completa, accesso a piscine coperte e scoperte, aree sportive e assistenza sanitaria di base a prezzi accessibili.","og_url":"https:\/\/zdravilisce-debelirtic.si\/it\/gruppi-di-vacanza\/","og_site_name":"Debeli rti\u010d","article_modified_time":"2025-07-08T16:59:07+00:00","og_image":[{"width":249,"height":353,"url":"https:\/\/zdravilisce-debelirtic.si\/wp-content\/uploads\/2025\/03\/Layer_1.png","type":"image\/png"}],"twitter_card":"summary_large_image","schema":{"@context":"https:\/\/schema.org","@graph":[{"@type":"WebPage","@id":"https:\/\/zdravilisce-debelirtic.si\/it\/gruppi-di-vacanza\/","url":"https:\/\/zdravilisce-debelirtic.si\/it\/gruppi-di-vacanza\/","name":"Gruppi vacanze - Debeli rti\u010d","isPartOf":{"@id":"https:\/\/zdravilisce-debelirtic.si\/it\/#website"},"primaryImageOfPage":{"@id":"https:\/\/zdravilisce-debelirtic.si\/it\/gruppi-di-vacanza\/#primaryimage"},"image":{"@id":"https:\/\/zdravilisce-debelirtic.si\/it\/gruppi-di-vacanza\/#primaryimage"},"thumbnailUrl":"https:\/\/zdravilisce-debelirtic.si\/wp-content\/uploads\/2025\/03\/Layer_1.png","datePublished":"2025-03-20T20:15:41+00:00","dateModified":"2025-07-08T16:59:07+00:00","description":"I bambini e i loro accompagnatori sono invitati a partecipare a programmi sportivi, culturali e di campeggio con pensione completa, accesso a piscine coperte e scoperte, aree sportive e assistenza sanitaria di base a prezzi accessibili.","breadcrumb":{"@id":"https:\/\/zdravilisce-debelirtic.si\/it\/gruppi-di-vacanza\/#breadcrumb"},"inLanguage":"it-IT","potentialAction":[{"@type":"ReadAction","target":["https:\/\/zdravilisce-debelirtic.si\/it\/gruppi-di-vacanza\/"]}]},{"@type":"ImageObject","inLanguage":"it-IT","@id":"https:\/\/zdravilisce-debelirtic.si\/it\/gruppi-di-vacanza\/#primaryimage","url":"https:\/\/zdravilisce-debelirtic.si\/wp-content\/uploads\/2025\/03\/Layer_1.png","contentUrl":"https:\/\/zdravilisce-debelirtic.si\/wp-content\/uploads\/2025\/03\/Layer_1.png"},{"@type":"BreadcrumbList","@id":"https:\/\/zdravilisce-debelirtic.si\/it\/gruppi-di-vacanza\/#breadcrumb","itemListElement":[{"@type":"ListItem","position":1,"name":"Domov","item":"https:\/\/zdravilisce-debelirtic.si\/it\/debeli-rtic\/"},{"@type":"ListItem","position":2,"name":"Gruppi vacanze"}]},{"@type":"WebSite","@id":"https:\/\/zdravilisce-debelirtic.si\/it\/#website","url":"https:\/\/zdravilisce-debelirtic.si\/it\/","name":"Debeli Rti\u010d","description":"Mladinsko zdravili\u0161\u010de in letovi\u0161\u010de Rde\u010dega kri\u017ea Slovenije.","publisher":{"@id":"https:\/\/zdravilisce-debelirtic.si\/it\/#organization"},"potentialAction":[{"@type":"SearchAction","target":{"@type":"EntryPoint","urlTemplate":"https:\/\/zdravilisce-debelirtic.si\/it\/?s={search_term_string}"},"query-input":{"@type":"PropertyValueSpecification","valueRequired":true,"valueName":"search_term_string"}}],"inLanguage":"it-IT"},{"@type":"Organization","@id":"https:\/\/zdravilisce-debelirtic.si\/it\/#organization","name":"Debeli Rti\u010d","url":"https:\/\/zdravilisce-debelirtic.si\/it\/","logo":{"@type":"ImageObject","inLanguage":"it-IT","@id":"https:\/\/zdravilisce-debelirtic.si\/it\/#\/schema\/logo\/image\/","url":"https:\/\/zdravilisce-debelirtic.si\/wp-content\/uploads\/2025\/03\/new-logo.webp","contentUrl":"https:\/\/zdravilisce-debelirtic.si\/wp-content\/uploads\/2025\/03\/new-logo.webp","width":1080,"height":264,"caption":"Debeli Rti\u010d"},"image":{"@id":"https:\/\/zdravilisce-debelirtic.si\/it\/#\/schema\/logo\/image\/"}}]}},"_links":{"self":[{"href":"https:\/\/zdravilisce-debelirtic.si\/it\/wp-json\/wp\/v2\/pages\/3448","targetHints":{"allow":["GET"]}}],"collection":[{"href":"https:\/\/zdravilisce-debelirtic.si\/it\/wp-json\/wp\/v2\/pages"}],"about":[{"href":"https:\/\/zdravilisce-debelirtic.si\/it\/wp-json\/wp\/v2\/types\/page"}],"author":[{"embeddable":true,"href":"https:\/\/zdravilisce-debelirtic.si\/it\/wp-json\/wp\/v2\/users\/1"}],"replies":[{"embeddable":true,"href":"https:\/\/zdravilisce-debelirtic.si\/it\/wp-json\/wp\/v2\/comments?post=3448"}],"version-history":[{"count":3,"href":"https:\/\/zdravilisce-debelirtic.si\/it\/wp-json\/wp\/v2\/pages\/3448\/revisions"}],"predecessor-version":[{"id":3556,"href":"https:\/\/zdravilisce-debelirtic.si\/it\/wp-json\/wp\/v2\/pages\/3448\/revisions\/3556"}],"wp:attachment":[{"href":"https:\/\/zdravilisce-debelirtic.si\/it\/wp-json\/wp\/v2\/media?parent=3448"}],"curies":[{"name":"wp","href":"https:\/\/api.w.org\/{rel}","templated":true}]}}