{"id":3462,"date":"2025-03-20T20:13:34","date_gmt":"2025-03-20T20:13:34","guid":{"rendered":"https:\/\/zdravilisce-debelirtic.si\/programi\/"},"modified":"2025-07-11T12:16:35","modified_gmt":"2025-07-11T12:16:35","slug":"programi","status":"publish","type":"page","link":"https:\/\/zdravilisce-debelirtic.si\/en\/programi\/","title":{"rendered":"Programmes"},"content":{"rendered":"\t\t<div data-elementor-type=\"wp-page\" data-elementor-id=\"3462\" class=\"elementor elementor-3462 elementor-177\" data-elementor-post-type=\"page\">\n\t\t\t\t<div class=\"elementor-element elementor-element-063a043 e-con-full e-flex e-con e-parent\" data-id=\"063a043\" data-element_type=\"container\">\n\t\t\t\t<div class=\"elementor-element elementor-element-db30997 elementor-pagination-position-inside elementor-pagination-type-bullets elementor-arrows-position-inside elementor-widget elementor-widget-n-carousel\" data-id=\"db30997\" data-element_type=\"widget\" data-settings=\"{&quot;carousel_items&quot;:[{&quot;slide_title&quot;:&quot;Slide #1&quot;,&quot;_id&quot;:&quot;e1ba01b&quot;}],&quot;slides_to_show&quot;:&quot;1&quot;,&quot;slides_to_show_tablet&quot;:&quot;2&quot;,&quot;slides_to_show_mobile&quot;:&quot;1&quot;,&quot;autoplay&quot;:&quot;yes&quot;,&quot;autoplay_speed&quot;:5000,&quot;pause_on_hover&quot;:&quot;yes&quot;,&quot;pause_on_interaction&quot;:&quot;yes&quot;,&quot;infinite&quot;:&quot;yes&quot;,&quot;speed&quot;:500,&quot;offset_sides&quot;:&quot;none&quot;,&quot;arrows&quot;:&quot;yes&quot;,&quot;pagination&quot;:&quot;bullets&quot;,&quot;image_spacing_custom&quot;:{&quot;unit&quot;:&quot;px&quot;,&quot;size&quot;:10,&quot;sizes&quot;:[]},&quot;image_spacing_custom_tablet&quot;:{&quot;unit&quot;:&quot;px&quot;,&quot;size&quot;:&quot;&quot;,&quot;sizes&quot;:[]},&quot;image_spacing_custom_mobile&quot;:{&quot;unit&quot;:&quot;px&quot;,&quot;size&quot;:&quot;&quot;,&quot;sizes&quot;:[]}}\" data-widget_type=\"nested-carousel.default\">\n\t\t\t\t<div class=\"elementor-widget-container\">\n\t\t\t\t\t\t\t<div class=\"e-n-carousel swiper\" role=\"region\" aria-roledescription=\"carousel\" aria-label=\"Carousel\" dir=\"ltr\">\n\t\t\t<div class=\"swiper-wrapper\" aria-live=\"off\">\n\t\t\t\t\t\t\t\t\t\t<div class=\"swiper-slide\" data-slide=\"1\" role=\"group\" aria-roledescription=\"slide\" aria-label=\"1 of 1\">\n\t\t\t\t\t\t\t<div class=\"elementor-element elementor-element-705c615 e-con-full e-flex e-con e-child\" data-id=\"705c615\" data-element_type=\"container\">\n\t\t<div class=\"elementor-element elementor-element-b8dcc02 e-con-full e-flex e-con e-child\" data-id=\"b8dcc02\" data-element_type=\"container\" data-settings=\"{&quot;background_background&quot;:&quot;classic&quot;}\">\n\t\t<div class=\"elementor-element elementor-element-b6cae6f e-flex e-con-boxed e-con e-child\" data-id=\"b6cae6f\" data-element_type=\"container\">\n\t\t\t\t\t<div class=\"e-con-inner\">\n\t\t\t\t<div class=\"elementor-element elementor-element-10298c3 elementor-widget elementor-widget-heading\" data-id=\"10298c3\" data-element_type=\"widget\" data-widget_type=\"heading.default\">\n\t\t\t\t<div class=\"elementor-widget-container\">\n\t\t\t\t\t<h2 class=\"elementor-heading-title elementor-size-default\">Programmes<\/h2>\t\t\t\t<\/div>\n\t\t\t\t<\/div>\n\t\t\t\t\t<\/div>\n\t\t\t\t<\/div>\n\t\t<div class=\"elementor-element elementor-element-ddb4e39 e-con-full elementor-hidden-tablet elementor-hidden-mobile e-flex e-con e-child\" data-id=\"ddb4e39\" data-element_type=\"container\" data-settings=\"{&quot;position&quot;:&quot;absolute&quot;}\">\n\t\t\t\t<div class=\"elementor-element elementor-element-46fb8d3 elementor-absolute bubble elementor-widget elementor-widget-image\" data-id=\"46fb8d3\" data-element_type=\"widget\" data-settings=\"{&quot;_position&quot;:&quot;absolute&quot;}\" data-widget_type=\"image.default\">\n\t\t\t\t<div class=\"elementor-widget-container\">\n\t\t\t\t\t\t\t\t\t\t\t\t\t\t\t<img decoding=\"async\" width=\"117\" height=\"165\" src=\"https:\/\/zdravilisce-debelirtic.si\/wp-content\/uploads\/2025\/05\/drevo.svg\" class=\"attachment-medium size-medium wp-image-2406\" alt=\"\" \/>\t\t\t\t\t\t\t\t\t\t\t\t\t\t\t<\/div>\n\t\t\t\t<\/div>\n\t\t\t\t<div class=\"elementor-element elementor-element-c3d55b3 elementor-widget elementor-widget-template\" data-id=\"c3d55b3\" data-element_type=\"widget\" data-widget_type=\"template.default\">\n\t\t\t\t<div class=\"elementor-widget-container\">\n\t\t\t\t\t\t\t<div class=\"elementor-template\">\n\t\t\t\t\t<div data-elementor-type=\"page\" data-elementor-id=\"3588\" class=\"elementor elementor-3588 elementor-2673\" data-elementor-post-type=\"elementor_library\">\n\t\t\t\t<div class=\"elementor-element elementor-element-41f65f3 e-flex e-con-boxed e-con e-parent\" data-id=\"41f65f3\" data-element_type=\"container\">\n\t\t\t\t\t<div class=\"e-con-inner\">\n\t\t\t\t<div class=\"elementor-element elementor-element-6bdc1ac elementor-align-justify elementor-widget__width-initial elementor-widget elementor-widget-button\" data-id=\"6bdc1ac\" data-element_type=\"widget\" data-widget_type=\"button.default\">\n\t\t\t\t<div class=\"elementor-widget-container\">\n\t\t\t\t\t\t\t\t\t<div class=\"elementor-button-wrapper\">\n\t\t\t\t\t<a class=\"elementor-button elementor-button-link elementor-size-sm\" href=\"#elementor-action%3Aaction%3Dpopup%3Aopen%26settings%3DeyJpZCI6MzY4NiwidG9nZ2xlIjpmYWxzZX0%3D\">\n\t\t\t\t\t\t<span class=\"elementor-button-content-wrapper\">\n\t\t\t\t\t\t<span class=\"elementor-button-icon\">\n\t\t\t\t<svg aria-hidden=\"true\" class=\"e-font-icon-svg e-fas-chevron-right\" viewBox=\"0 0 320 512\" xmlns=\"http:\/\/www.w3.org\/2000\/svg\"><path d=\"M285.476 272.971L91.132 467.314c-9.373 9.373-24.569 9.373-33.941 0l-22.667-22.667c-9.357-9.357-9.375-24.522-.04-33.901L188.505 256 34.484 101.255c-9.335-9.379-9.317-24.544.04-33.901l22.667-22.667c9.373-9.373 24.569-9.373 33.941 0L285.475 239.03c9.373 9.372 9.373 24.568.001 33.941z\"><\/path><\/svg>\t\t\t<\/span>\n\t\t\t\t\t\t\t\t\t<span class=\"elementor-button-text\">Become an EDUCATOR<\/span>\n\t\t\t\t\t<\/span>\n\t\t\t\t\t<\/a>\n\t\t\t\t<\/div>\n\t\t\t\t\t\t\t\t<\/div>\n\t\t\t\t<\/div>\n\t\t\t\t<div class=\"elementor-element elementor-element-8e376c8 elementor-align-justify elementor-widget__width-initial elementor-widget elementor-widget-button\" data-id=\"8e376c8\" data-element_type=\"widget\" data-widget_type=\"button.default\">\n\t\t\t\t<div class=\"elementor-widget-container\">\n\t\t\t\t\t\t\t\t\t<div class=\"elementor-button-wrapper\">\n\t\t\t\t\t<a class=\"elementor-button elementor-button-link elementor-size-sm\" href=\"https:\/\/forms.office.com\/e\/KTfHRxm6L5\" target=\"_blank\">\n\t\t\t\t\t\t<span class=\"elementor-button-content-wrapper\">\n\t\t\t\t\t\t<span class=\"elementor-button-icon\">\n\t\t\t\t<svg aria-hidden=\"true\" class=\"e-font-icon-svg e-fas-chevron-right\" viewBox=\"0 0 320 512\" xmlns=\"http:\/\/www.w3.org\/2000\/svg\"><path d=\"M285.476 272.971L91.132 467.314c-9.373 9.373-24.569 9.373-33.941 0l-22.667-22.667c-9.357-9.357-9.375-24.522-.04-33.901L188.505 256 34.484 101.255c-9.335-9.379-9.317-24.544.04-33.901l22.667-22.667c9.373-9.373 24.569-9.373 33.941 0L285.475 239.03c9.373 9.372 9.373 24.568.001 33.941z\"><\/path><\/svg>\t\t\t<\/span>\n\t\t\t\t\t\t\t\t\t<span class=\"elementor-button-text\">Become a DONOR<\/span>\n\t\t\t\t\t<\/span>\n\t\t\t\t\t<\/a>\n\t\t\t\t<\/div>\n\t\t\t\t\t\t\t\t<\/div>\n\t\t\t\t<\/div>\n\t\t\t\t<div class=\"elementor-element elementor-element-ce0d53d elementor-align-justify elementor-widget__width-initial elementor-widget elementor-widget-button\" data-id=\"ce0d53d\" data-element_type=\"widget\" data-widget_type=\"button.default\">\n\t\t\t\t<div class=\"elementor-widget-container\">\n\t\t\t\t\t\t\t\t\t<div class=\"elementor-button-wrapper\">\n\t\t\t\t\t<a class=\"elementor-button elementor-button-link elementor-size-sm\" href=\"https:\/\/forms.office.com\/e\/AjjAnbm9C5\" target=\"_blank\">\n\t\t\t\t\t\t<span class=\"elementor-button-content-wrapper\">\n\t\t\t\t\t\t<span class=\"elementor-button-icon\">\n\t\t\t\t<svg aria-hidden=\"true\" class=\"e-font-icon-svg e-fas-chevron-right\" viewBox=\"0 0 320 512\" xmlns=\"http:\/\/www.w3.org\/2000\/svg\"><path d=\"M285.476 272.971L91.132 467.314c-9.373 9.373-24.569 9.373-33.941 0l-22.667-22.667c-9.357-9.357-9.375-24.522-.04-33.901L188.505 256 34.484 101.255c-9.335-9.379-9.317-24.544.04-33.901l22.667-22.667c9.373-9.373 24.569-9.373 33.941 0L285.475 239.03c9.373 9.372 9.373 24.568.001 33.941z\"><\/path><\/svg>\t\t\t<\/span>\n\t\t\t\t\t\t\t\t\t<span class=\"elementor-button-text\">Your opinion counts.<\/span>\n\t\t\t\t\t<\/span>\n\t\t\t\t\t<\/a>\n\t\t\t\t<\/div>\n\t\t\t\t\t\t\t\t<\/div>\n\t\t\t\t<\/div>\n\t\t\t\t\t<\/div>\n\t\t\t\t<\/div>\n\t\t\t\t<\/div>\n\t\t\t\t<\/div>\n\t\t\t\t\t\t<\/div>\n\t\t\t\t<\/div>\n\t\t\t\t<\/div>\n\t\t\t\t<\/div>\n\t\t\t\t<\/div>\n\t\t\t\t\t\t\t\t<\/div>\n\t\t\t\t\t\t\t\t<\/div>\n\t\t<\/div>\n\t\t\t\t\t\t<\/div>\n\t\t\t\t<\/div>\n\t\t\t\t<\/div>\n\t\t<div class=\"elementor-element elementor-element-a60744e e-flex e-con-boxed e-con e-parent\" data-id=\"a60744e\" data-element_type=\"container\">\n\t\t\t\t\t<div class=\"e-con-inner\">\n\t\t<div class=\"elementor-element elementor-element-ac5cd53 e-con-full e-flex e-con e-child\" data-id=\"ac5cd53\" data-element_type=\"container\">\n\t\t\t\t<div class=\"elementor-element elementor-element-7e88d95 elementor-widget elementor-widget-text-editor\" data-id=\"7e88d95\" data-element_type=\"widget\" data-widget_type=\"text-editor.default\">\n\t\t\t\t<div class=\"elementor-widget-container\">\n\t\t\t\t\t\t\t\t\t<p>Its favourable seaside location makes it suitable for the treatment and rehabilitation of children and young people with various chronic illnesses, as well as after some serious acute illnesses and injuries. Thanks to the natural conditions, children with various illnesses have been successfully treated here for decades. We are also visited by those who want to recover quickly from serious illnesses and various surgeries. Our medical work is guided by a paediatrician, with various specialists working in close collaboration with him.    <\/p><p>The health care of each person at the Health Resort is based on expert care by trained medical staff. This means that disorders in a child&#8217;s health or development are treated by the appropriate specialists in terms of the inter-causality of somatic, psychological and social influences. <\/p>\t\t\t\t\t\t\t\t<\/div>\n\t\t\t\t<\/div>\n\t\t\t\t<\/div>\n\t\t<div class=\"elementor-element elementor-element-7c7f80e e-con-full e-flex e-con e-child\" data-id=\"7c7f80e\" data-element_type=\"container\">\n\t\t\t\t<div class=\"elementor-element elementor-element-9a6a913 elementor-widget elementor-widget-text-editor\" data-id=\"9a6a913\" data-element_type=\"widget\" data-widget_type=\"text-editor.default\">\n\t\t\t\t<div class=\"elementor-widget-container\">\n\t\t\t\t\t\t\t\t\t<p><strong>Natural remedies:<\/strong><br>seawater and Mediterranean climate.&nbsp;<\/p>\n<p><strong>Treatment options:<\/strong> bathing in sea water, sunbathing, group and individual exercise, physiotherapy exercises, medication and dietary treatment.<\/p>\n<p><strong>Health service:<\/strong> directed by a paediatrician, with the involvement of specialist health services and senior and mid-level medical staff.<\/p>\n<p>We are here for you, with a purpose.&nbsp;<\/p>\t\t\t\t\t\t\t\t<\/div>\n\t\t\t\t<\/div>\n\t\t\t\t<\/div>\n\t\t\t\t\t<\/div>\n\t\t\t\t<\/div>\n\t\t<div class=\"elementor-element elementor-element-d894a36 e-flex e-con-boxed e-con e-parent\" data-id=\"d894a36\" data-element_type=\"container\" data-settings=\"{&quot;background_background&quot;:&quot;classic&quot;}\">\n\t\t\t\t\t<div class=\"e-con-inner\">\n\t\t\t\t<div class=\"elementor-element elementor-element-92d8795 elementor-widget elementor-widget-video\" data-id=\"92d8795\" data-element_type=\"widget\" data-settings=\"{&quot;youtube_url&quot;:&quot;https:\\\/\\\/www.youtube.com\\\/watch?v=WSa7VgHjsnM&quot;,&quot;video_type&quot;:&quot;youtube&quot;,&quot;controls&quot;:&quot;yes&quot;}\" data-widget_type=\"video.default\">\n\t\t\t\t<div class=\"elementor-widget-container\">\n\t\t\t\t\t\t\t<div class=\"elementor-wrapper elementor-open-inline\">\n\t\t\t<div class=\"elementor-video\"><\/div>\t\t<\/div>\n\t\t\t\t\t\t<\/div>\n\t\t\t\t<\/div>\n\t\t\t\t\t<\/div>\n\t\t\t\t<\/div>\n\t\t<div class=\"elementor-element elementor-element-ffc5c74 e-con-full e-flex e-con e-child\" data-id=\"ffc5c74\" data-element_type=\"container\" data-settings=\"{&quot;background_background&quot;:&quot;classic&quot;}\">\n\t\t\t\t<div class=\"elementor-element elementor-element-120ff29 bubble elementor-widget elementor-widget-image\" data-id=\"120ff29\" data-element_type=\"widget\" data-widget_type=\"image.default\">\n\t\t\t\t<div class=\"elementor-widget-container\">\n\t\t\t\t\t\t\t\t\t\t\t\t\t\t\t<img decoding=\"async\" width=\"128\" height=\"68\" src=\"https:\/\/zdravilisce-debelirtic.si\/wp-content\/uploads\/2025\/03\/simbol_val.png\" class=\"attachment-large size-large wp-image-2181\" alt=\"\" \/>\t\t\t\t\t\t\t\t\t\t\t\t\t\t\t<\/div>\n\t\t\t\t<\/div>\n\t\t\t\t<\/div>\n\t\t\t\t<\/div>\n\t\t","protected":false},"excerpt":{"rendered":"<p>Postani VZGOJITELJ Postani DONATOR Va\u0161e mnenje \u0161teje Its favourable seaside location makes it suitable for the treatment and rehabilitation of children and young people with various chronic illnesses, as well as after some serious acute illnesses and injuries. Thanks to the natural conditions, children with various illnesses have been successfully treated here for decades. We [&hellip;]<\/p>\n","protected":false},"author":1,"featured_media":0,"parent":0,"menu_order":0,"comment_status":"closed","ping_status":"closed","template":"","meta":{"footnotes":""},"class_list":["post-3462","page","type-page","status-publish","hentry"],"yoast_head":"<!-- This site is optimized with the Yoast SEO plugin v25.3 - https:\/\/yoast.com\/wordpress\/plugins\/seo\/ -->\n<title>Programmes - Debeli rti\u010d<\/title>\n<meta name=\"description\" content=\"A comprehensive spa holiday program with respiratory, kinesiotherapy, hydrotherapy and occupational therapy for children with allergies, skin, respiratory and movement problems \u2014 supported by more than 69 years of tradition, natural healing methods and a professional team.\" \/>\n<meta name=\"robots\" content=\"index, follow, max-snippet:-1, max-image-preview:large, max-video-preview:-1\" \/>\n<link rel=\"canonical\" href=\"https:\/\/zdravilisce-debelirtic.si\/en\/programi\/\" \/>\n<meta property=\"og:locale\" content=\"en_US\" \/>\n<meta property=\"og:type\" content=\"article\" \/>\n<meta property=\"og:title\" content=\"Programmes - Debeli rti\u010d\" \/>\n<meta property=\"og:description\" content=\"A comprehensive spa holiday program with respiratory, kinesiotherapy, hydrotherapy and occupational therapy for children with allergies, skin, respiratory and movement problems \u2014 supported by more than 69 years of tradition, natural healing methods and a professional team.\" \/>\n<meta property=\"og:url\" content=\"https:\/\/zdravilisce-debelirtic.si\/en\/programi\/\" \/>\n<meta property=\"og:site_name\" content=\"Debeli rti\u010d\" \/>\n<meta property=\"article:modified_time\" content=\"2025-07-11T12:16:35+00:00\" \/>\n<meta property=\"og:image\" content=\"https:\/\/zdravilisce-debelirtic.si\/wp-content\/uploads\/2025\/04\/daf5775f3862f523713e92b3cd913133-scaled.jpg\" \/>\n\t<meta property=\"og:image:width\" content=\"2560\" \/>\n\t<meta property=\"og:image:height\" content=\"1706\" \/>\n\t<meta property=\"og:image:type\" content=\"image\/jpeg\" \/>\n<meta name=\"twitter:card\" content=\"summary_large_image\" \/>\n<meta name=\"twitter:label1\" content=\"Est. reading time\" \/>\n\t<meta name=\"twitter:data1\" content=\"1 minute\" \/>\n<script type=\"application\/ld+json\" class=\"yoast-schema-graph\">{\"@context\":\"https:\/\/schema.org\",\"@graph\":[{\"@type\":\"WebPage\",\"@id\":\"https:\/\/zdravilisce-debelirtic.si\/en\/programi\/\",\"url\":\"https:\/\/zdravilisce-debelirtic.si\/en\/programi\/\",\"name\":\"Programmes - Debeli rti\u010d\",\"isPartOf\":{\"@id\":\"https:\/\/zdravilisce-debelirtic.si\/en\/#website\"},\"primaryImageOfPage\":{\"@id\":\"https:\/\/zdravilisce-debelirtic.si\/en\/programi\/#primaryimage\"},\"image\":{\"@id\":\"https:\/\/zdravilisce-debelirtic.si\/en\/programi\/#primaryimage\"},\"thumbnailUrl\":\"https:\/\/zdravilisce-debelirtic.si\/wp-content\/uploads\/2025\/05\/drevo.svg\",\"datePublished\":\"2025-03-20T20:13:34+00:00\",\"dateModified\":\"2025-07-11T12:16:35+00:00\",\"description\":\"A comprehensive spa holiday program with respiratory, kinesiotherapy, hydrotherapy and occupational therapy for children with allergies, skin, respiratory and movement problems \u2014 supported by more than 69 years of tradition, natural healing methods and a professional team.\",\"breadcrumb\":{\"@id\":\"https:\/\/zdravilisce-debelirtic.si\/en\/programi\/#breadcrumb\"},\"inLanguage\":\"en-US\",\"potentialAction\":[{\"@type\":\"ReadAction\",\"target\":[\"https:\/\/zdravilisce-debelirtic.si\/en\/programi\/\"]}]},{\"@type\":\"ImageObject\",\"inLanguage\":\"en-US\",\"@id\":\"https:\/\/zdravilisce-debelirtic.si\/en\/programi\/#primaryimage\",\"url\":\"https:\/\/zdravilisce-debelirtic.si\/wp-content\/uploads\/2025\/05\/drevo.svg\",\"contentUrl\":\"https:\/\/zdravilisce-debelirtic.si\/wp-content\/uploads\/2025\/05\/drevo.svg\"},{\"@type\":\"BreadcrumbList\",\"@id\":\"https:\/\/zdravilisce-debelirtic.si\/en\/programi\/#breadcrumb\",\"itemListElement\":[{\"@type\":\"ListItem\",\"position\":1,\"name\":\"Domov\",\"item\":\"https:\/\/zdravilisce-debelirtic.si\/en\/debeli-rtic\/\"},{\"@type\":\"ListItem\",\"position\":2,\"name\":\"Programmes\"}]},{\"@type\":\"WebSite\",\"@id\":\"https:\/\/zdravilisce-debelirtic.si\/en\/#website\",\"url\":\"https:\/\/zdravilisce-debelirtic.si\/en\/\",\"name\":\"Debeli Rti\u010d\",\"description\":\"Mladinsko zdravili\u0161\u010de in letovi\u0161\u010de Rde\u010dega kri\u017ea Slovenije.\",\"publisher\":{\"@id\":\"https:\/\/zdravilisce-debelirtic.si\/en\/#organization\"},\"potentialAction\":[{\"@type\":\"SearchAction\",\"target\":{\"@type\":\"EntryPoint\",\"urlTemplate\":\"https:\/\/zdravilisce-debelirtic.si\/en\/?s={search_term_string}\"},\"query-input\":{\"@type\":\"PropertyValueSpecification\",\"valueRequired\":true,\"valueName\":\"search_term_string\"}}],\"inLanguage\":\"en-US\"},{\"@type\":\"Organization\",\"@id\":\"https:\/\/zdravilisce-debelirtic.si\/en\/#organization\",\"name\":\"Debeli Rti\u010d\",\"url\":\"https:\/\/zdravilisce-debelirtic.si\/en\/\",\"logo\":{\"@type\":\"ImageObject\",\"inLanguage\":\"en-US\",\"@id\":\"https:\/\/zdravilisce-debelirtic.si\/en\/#\/schema\/logo\/image\/\",\"url\":\"https:\/\/zdravilisce-debelirtic.si\/wp-content\/uploads\/2025\/03\/new-logo.webp\",\"contentUrl\":\"https:\/\/zdravilisce-debelirtic.si\/wp-content\/uploads\/2025\/03\/new-logo.webp\",\"width\":1080,\"height\":264,\"caption\":\"Debeli Rti\u010d\"},\"image\":{\"@id\":\"https:\/\/zdravilisce-debelirtic.si\/en\/#\/schema\/logo\/image\/\"}}]}<\/script>\n<!-- \/ Yoast SEO plugin. -->","yoast_head_json":{"title":"Programmes - Debeli rti\u010d","description":"A comprehensive spa holiday program with respiratory, kinesiotherapy, hydrotherapy and occupational therapy for children with allergies, skin, respiratory and movement problems \u2014 supported by more than 69 years of tradition, natural healing methods and a professional team.","robots":{"index":"index","follow":"follow","max-snippet":"max-snippet:-1","max-image-preview":"max-image-preview:large","max-video-preview":"max-video-preview:-1"},"canonical":"https:\/\/zdravilisce-debelirtic.si\/en\/programi\/","og_locale":"en_US","og_type":"article","og_title":"Programmes - Debeli rti\u010d","og_description":"A comprehensive spa holiday program with respiratory, kinesiotherapy, hydrotherapy and occupational therapy for children with allergies, skin, respiratory and movement problems \u2014 supported by more than 69 years of tradition, natural healing methods and a professional team.","og_url":"https:\/\/zdravilisce-debelirtic.si\/en\/programi\/","og_site_name":"Debeli rti\u010d","article_modified_time":"2025-07-11T12:16:35+00:00","og_image":[{"width":2560,"height":1706,"url":"https:\/\/zdravilisce-debelirtic.si\/wp-content\/uploads\/2025\/04\/daf5775f3862f523713e92b3cd913133-scaled.jpg","type":"image\/jpeg"}],"twitter_card":"summary_large_image","twitter_misc":{"Est. reading time":"1 minute"},"schema":{"@context":"https:\/\/schema.org","@graph":[{"@type":"WebPage","@id":"https:\/\/zdravilisce-debelirtic.si\/en\/programi\/","url":"https:\/\/zdravilisce-debelirtic.si\/en\/programi\/","name":"Programmes - Debeli rti\u010d","isPartOf":{"@id":"https:\/\/zdravilisce-debelirtic.si\/en\/#website"},"primaryImageOfPage":{"@id":"https:\/\/zdravilisce-debelirtic.si\/en\/programi\/#primaryimage"},"image":{"@id":"https:\/\/zdravilisce-debelirtic.si\/en\/programi\/#primaryimage"},"thumbnailUrl":"https:\/\/zdravilisce-debelirtic.si\/wp-content\/uploads\/2025\/05\/drevo.svg","datePublished":"2025-03-20T20:13:34+00:00","dateModified":"2025-07-11T12:16:35+00:00","description":"A comprehensive spa holiday program with respiratory, kinesiotherapy, hydrotherapy and occupational therapy for children with allergies, skin, respiratory and movement problems \u2014 supported by more than 69 years of tradition, natural healing methods and a professional team.","breadcrumb":{"@id":"https:\/\/zdravilisce-debelirtic.si\/en\/programi\/#breadcrumb"},"inLanguage":"en-US","potentialAction":[{"@type":"ReadAction","target":["https:\/\/zdravilisce-debelirtic.si\/en\/programi\/"]}]},{"@type":"ImageObject","inLanguage":"en-US","@id":"https:\/\/zdravilisce-debelirtic.si\/en\/programi\/#primaryimage","url":"https:\/\/zdravilisce-debelirtic.si\/wp-content\/uploads\/2025\/05\/drevo.svg","contentUrl":"https:\/\/zdravilisce-debelirtic.si\/wp-content\/uploads\/2025\/05\/drevo.svg"},{"@type":"BreadcrumbList","@id":"https:\/\/zdravilisce-debelirtic.si\/en\/programi\/#breadcrumb","itemListElement":[{"@type":"ListItem","position":1,"name":"Domov","item":"https:\/\/zdravilisce-debelirtic.si\/en\/debeli-rtic\/"},{"@type":"ListItem","position":2,"name":"Programmes"}]},{"@type":"WebSite","@id":"https:\/\/zdravilisce-debelirtic.si\/en\/#website","url":"https:\/\/zdravilisce-debelirtic.si\/en\/","name":"Debeli Rti\u010d","description":"Mladinsko zdravili\u0161\u010de in letovi\u0161\u010de Rde\u010dega kri\u017ea Slovenije.","publisher":{"@id":"https:\/\/zdravilisce-debelirtic.si\/en\/#organization"},"potentialAction":[{"@type":"SearchAction","target":{"@type":"EntryPoint","urlTemplate":"https:\/\/zdravilisce-debelirtic.si\/en\/?s={search_term_string}"},"query-input":{"@type":"PropertyValueSpecification","valueRequired":true,"valueName":"search_term_string"}}],"inLanguage":"en-US"},{"@type":"Organization","@id":"https:\/\/zdravilisce-debelirtic.si\/en\/#organization","name":"Debeli Rti\u010d","url":"https:\/\/zdravilisce-debelirtic.si\/en\/","logo":{"@type":"ImageObject","inLanguage":"en-US","@id":"https:\/\/zdravilisce-debelirtic.si\/en\/#\/schema\/logo\/image\/","url":"https:\/\/zdravilisce-debelirtic.si\/wp-content\/uploads\/2025\/03\/new-logo.webp","contentUrl":"https:\/\/zdravilisce-debelirtic.si\/wp-content\/uploads\/2025\/03\/new-logo.webp","width":1080,"height":264,"caption":"Debeli Rti\u010d"},"image":{"@id":"https:\/\/zdravilisce-debelirtic.si\/en\/#\/schema\/logo\/image\/"}}]}},"_links":{"self":[{"href":"https:\/\/zdravilisce-debelirtic.si\/en\/wp-json\/wp\/v2\/pages\/3462","targetHints":{"allow":["GET"]}}],"collection":[{"href":"https:\/\/zdravilisce-debelirtic.si\/en\/wp-json\/wp\/v2\/pages"}],"about":[{"href":"https:\/\/zdravilisce-debelirtic.si\/en\/wp-json\/wp\/v2\/types\/page"}],"author":[{"embeddable":true,"href":"https:\/\/zdravilisce-debelirtic.si\/en\/wp-json\/wp\/v2\/users\/1"}],"replies":[{"embeddable":true,"href":"https:\/\/zdravilisce-debelirtic.si\/en\/wp-json\/wp\/v2\/comments?post=3462"}],"version-history":[{"count":3,"href":"https:\/\/zdravilisce-debelirtic.si\/en\/wp-json\/wp\/v2\/pages\/3462\/revisions"}],"predecessor-version":[{"id":3669,"href":"https:\/\/zdravilisce-debelirtic.si\/en\/wp-json\/wp\/v2\/pages\/3462\/revisions\/3669"}],"wp:attachment":[{"href":"https:\/\/zdravilisce-debelirtic.si\/en\/wp-json\/wp\/v2\/media?parent=3462"}],"curies":[{"name":"wp","href":"https:\/\/api.w.org\/{rel}","templated":true}]}}