{"id":3446,"date":"2025-03-20T20:15:41","date_gmt":"2025-03-20T20:15:41","guid":{"rendered":"https:\/\/zdravilisce-debelirtic.si\/vacation-groups\/"},"modified":"2025-09-23T13:18:35","modified_gmt":"2025-09-23T13:18:35","slug":"vacation-groups","status":"publish","type":"page","link":"https:\/\/zdravilisce-debelirtic.si\/en\/vacation-groups\/","title":{"rendered":"Children camps"},"content":{"rendered":"\t\t<div data-elementor-type=\"wp-page\" data-elementor-id=\"3446\" class=\"elementor elementor-3446 elementor-185\" data-elementor-post-type=\"page\">\n\t\t\t\t<div class=\"elementor-element elementor-element-ab2563b e-flex e-con-boxed e-con e-parent\" data-id=\"ab2563b\" data-element_type=\"container\" data-settings=\"{&quot;background_background&quot;:&quot;classic&quot;}\">\n\t\t\t\t\t<div class=\"e-con-inner\">\n\t\t<div class=\"elementor-element elementor-element-e314f9f e-con-full e-flex e-con e-child\" data-id=\"e314f9f\" data-element_type=\"container\">\n\t\t\t\t<div class=\"elementor-element elementor-element-4c8bb00 elementor-widget elementor-widget-heading\" data-id=\"4c8bb00\" data-element_type=\"widget\" data-widget_type=\"heading.default\">\n\t\t\t\t<div class=\"elementor-widget-container\">\n\t\t\t\t\t<h2 class=\"elementor-heading-title elementor-size-default\">Programmes<\/h2>\t\t\t\t<\/div>\n\t\t\t\t<\/div>\n\t\t\t\t<div class=\"elementor-element elementor-element-5a3be7e elementor-widget elementor-widget-heading\" data-id=\"5a3be7e\" data-element_type=\"widget\" data-widget_type=\"heading.default\">\n\t\t\t\t<div class=\"elementor-widget-container\">\n\t\t\t\t\t<h2 class=\"elementor-heading-title elementor-size-default\">Children camps<\/h2>\t\t\t\t<\/div>\n\t\t\t\t<\/div>\n\t\t\t\t<\/div>\n\t\t\t\t<div class=\"elementor-element elementor-element-7a67fcd elementor-absolute bubble elementor-widget elementor-widget-image\" data-id=\"7a67fcd\" data-element_type=\"widget\" data-settings=\"{&quot;_position&quot;:&quot;absolute&quot;}\" data-widget_type=\"image.default\">\n\t\t\t\t<div class=\"elementor-widget-container\">\n\t\t\t\t\t\t\t\t\t\t\t\t\t\t\t<img fetchpriority=\"high\" decoding=\"async\" width=\"249\" height=\"353\" src=\"https:\/\/zdravilisce-debelirtic.si\/wp-content\/uploads\/2025\/03\/Layer_1.png\" class=\"attachment-large size-large wp-image-2201\" alt=\"\" srcset=\"https:\/\/zdravilisce-debelirtic.si\/wp-content\/uploads\/2025\/03\/Layer_1.png 249w, https:\/\/zdravilisce-debelirtic.si\/wp-content\/uploads\/2025\/03\/Layer_1-212x300.png 212w\" sizes=\"(max-width: 249px) 100vw, 249px\" \/>\t\t\t\t\t\t\t\t\t\t\t\t\t\t\t<\/div>\n\t\t\t\t<\/div>\n\t\t\t\t\t<\/div>\n\t\t\t\t<\/div>\n\t\t<div class=\"elementor-element elementor-element-0eb2f75 e-flex e-con-boxed e-con e-parent\" data-id=\"0eb2f75\" data-element_type=\"container\" data-settings=\"{&quot;background_background&quot;:&quot;classic&quot;}\">\n\t\t\t\t\t<div class=\"e-con-inner\">\n\t\t<div class=\"elementor-element elementor-element-8d4a131 e-con-full e-flex e-con e-child\" data-id=\"8d4a131\" data-element_type=\"container\">\n\t\t<div class=\"elementor-element elementor-element-93b8922 e-con-full max-w-content e-flex e-con e-child\" data-id=\"93b8922\" data-element_type=\"container\">\n\t\t\t\t<div class=\"elementor-element elementor-element-ba59524 elementor-widget elementor-widget-text-editor\" data-id=\"ba59524\" data-element_type=\"widget\" data-widget_type=\"text-editor.default\">\n\t\t\t\t<div class=\"elementor-widget-container\">\n\t\t\t\t\t\t\t\t\t<p>Groups of children with escorts, <\/p><p>you are invited to summer camps, sports preparations, meetings, camps for various sports and cultural activities.<\/p>\t\t\t\t\t\t\t\t<\/div>\n\t\t\t\t<\/div>\n\t\t\t\t<div class=\"elementor-element elementor-element-390a109 elementor-widget elementor-widget-text-editor\" data-id=\"390a109\" data-element_type=\"widget\" data-widget_type=\"text-editor.default\">\n\t\t\t\t<div class=\"elementor-widget-container\">\n\t\t\t\t\t\t\t\t\t<p>The affordable full-board rates include:&nbsp;<\/p>\n<ul>\n<li style=\"font-weight: 400;\" aria-level=\"1\"><span style=\"font-weight: 400;\">five meals per day;&nbsp;<\/span><\/li>\n<\/ul>\n<ul>\n<li style=\"font-weight: 400;\" aria-level=\"1\"><span style=\"font-weight: 400;\">access to the outdoor (from June to the end of August)&nbsp; and indoor seawater swimming pools;&nbsp;<\/span><\/li>\n<\/ul>\n<ul>\n<li style=\"font-weight: 400;\" aria-level=\"1\"><span style=\"font-weight: 400;\">accommodation in youth hostels;&nbsp;<\/span><\/li>\n<\/ul>\n<ul>\n<li style=\"font-weight: 400;\" aria-level=\"1\"><span style=\"font-weight: 400;\">use of sports facilities;<\/span><\/li>\n<\/ul>\n<ul>\n<li style=\"font-weight: 400;\" aria-level=\"1\"><span style=\"font-weight: 400;\">use of classrooms with equipment or outdoor classrooms;&nbsp;<\/span><\/li>\n<\/ul>\n<ul>\n<li style=\"font-weight: 400;\" aria-level=\"1\"><span style=\"font-weight: 400;\">basic health care in the children&#8217;s clinic.&nbsp;<\/span><\/li>\n<\/ul>\t\t\t\t\t\t\t\t<\/div>\n\t\t\t\t<\/div>\n\t\t\t\t<\/div>\n\t\t\t\t<\/div>\n\t\t<div class=\"elementor-element elementor-element-9e8f847 e-con-full e-flex e-con e-child\" data-id=\"9e8f847\" data-element_type=\"container\">\n\t\t\t\t<div class=\"elementor-element elementor-element-2add21b elementor-widget elementor-widget-image\" data-id=\"2add21b\" data-element_type=\"widget\" data-widget_type=\"image.default\">\n\t\t\t\t<div class=\"elementor-widget-container\">\n\t\t\t\t\t\t\t\t\t\t\t\t\t\t\t<img decoding=\"async\" width=\"825\" height=\"619\" src=\"https:\/\/zdravilisce-debelirtic.si\/wp-content\/uploads\/2025\/06\/Sola-v-naravi.webp\" class=\"attachment-full size-full wp-image-2829\" alt=\"\" srcset=\"https:\/\/zdravilisce-debelirtic.si\/wp-content\/uploads\/2025\/06\/Sola-v-naravi.webp 825w, https:\/\/zdravilisce-debelirtic.si\/wp-content\/uploads\/2025\/06\/Sola-v-naravi-300x225.webp 300w, https:\/\/zdravilisce-debelirtic.si\/wp-content\/uploads\/2025\/06\/Sola-v-naravi-768x576.webp 768w\" sizes=\"(max-width: 825px) 100vw, 825px\" \/>\t\t\t\t\t\t\t\t\t\t\t\t\t\t\t<\/div>\n\t\t\t\t<\/div>\n\t\t\t\t<\/div>\n\t\t\t\t\t<\/div>\n\t\t\t\t<\/div>\n\t\t<div class=\"elementor-element elementor-element-2e36faa e-flex e-con-boxed e-con e-parent\" data-id=\"2e36faa\" data-element_type=\"container\" data-settings=\"{&quot;background_background&quot;:&quot;classic&quot;}\">\n\t\t\t\t\t<div class=\"e-con-inner\">\n\t\t<div class=\"elementor-element elementor-element-1a29aec e-con-full e-flex e-con e-child\" data-id=\"1a29aec\" data-element_type=\"container\">\n\t\t\t\t<div class=\"elementor-element elementor-element-ee23e9b elementor-widget elementor-widget-heading\" data-id=\"ee23e9b\" data-element_type=\"widget\" data-settings=\"{&quot;motion_fx_motion_fx_scrolling&quot;:&quot;yes&quot;,&quot;motion_fx_translateX_effect&quot;:&quot;yes&quot;,&quot;motion_fx_translateX_direction&quot;:&quot;negative&quot;,&quot;motion_fx_translateX_affectedRange&quot;:{&quot;unit&quot;:&quot;%&quot;,&quot;size&quot;:&quot;&quot;,&quot;sizes&quot;:{&quot;start&quot;:0,&quot;end&quot;:50}},&quot;motion_fx_translateX_speed&quot;:{&quot;unit&quot;:&quot;px&quot;,&quot;size&quot;:4,&quot;sizes&quot;:[]},&quot;motion_fx_devices&quot;:[&quot;desktop&quot;,&quot;tablet&quot;,&quot;mobile&quot;]}\" data-widget_type=\"heading.default\">\n\t\t\t\t<div class=\"elementor-widget-container\">\n\t\t\t\t\t<h2 class=\"elementor-heading-title elementor-size-default\">Send your application<\/h2>\t\t\t\t<\/div>\n\t\t\t\t<\/div>\n\t\t\t\t<div class=\"elementor-element elementor-element-fbe6661 elementor-widget elementor-widget-heading\" data-id=\"fbe6661\" data-element_type=\"widget\" data-settings=\"{&quot;motion_fx_motion_fx_scrolling&quot;:&quot;yes&quot;,&quot;motion_fx_translateX_effect&quot;:&quot;yes&quot;,&quot;motion_fx_translateX_affectedRange&quot;:{&quot;unit&quot;:&quot;%&quot;,&quot;size&quot;:&quot;&quot;,&quot;sizes&quot;:{&quot;start&quot;:0,&quot;end&quot;:50}},&quot;motion_fx_translateX_speed&quot;:{&quot;unit&quot;:&quot;px&quot;,&quot;size&quot;:4,&quot;sizes&quot;:[]},&quot;motion_fx_devices&quot;:[&quot;desktop&quot;,&quot;tablet&quot;,&quot;mobile&quot;]}\" data-widget_type=\"heading.default\">\n\t\t\t\t<div class=\"elementor-widget-container\">\n\t\t\t\t\t<h2 class=\"elementor-heading-title elementor-size-default\">Health Resort of the Slovenian Red Cross, Debeli rti\u010d is waiting for you.<\/h2>\t\t\t\t<\/div>\n\t\t\t\t<\/div>\n\t\t\t\t<div class=\"elementor-element elementor-element-7f7368d elementor-align-center elementor-widget elementor-widget-button\" data-id=\"7f7368d\" data-element_type=\"widget\" data-widget_type=\"button.default\">\n\t\t\t\t<div class=\"elementor-widget-container\">\n\t\t\t\t\t\t\t\t\t<div class=\"elementor-button-wrapper\">\n\t\t\t\t\t<a class=\"elementor-button elementor-button-link elementor-size-sm\" href=\"https:\/\/forms.office.com\/e\/fM6m3L0Pm1\" target=\"_blank\">\n\t\t\t\t\t\t<span class=\"elementor-button-content-wrapper\">\n\t\t\t\t\t\t\t\t\t<span class=\"elementor-button-text\">Send enquiry<\/span>\n\t\t\t\t\t<\/span>\n\t\t\t\t\t<\/a>\n\t\t\t\t<\/div>\n\t\t\t\t\t\t\t\t<\/div>\n\t\t\t\t<\/div>\n\t\t\t\t<\/div>\n\t\t\t\t\t<\/div>\n\t\t\t\t<\/div>\n\t\t<div class=\"elementor-element elementor-element-dd787ac e-con-full e-flex e-con e-child\" data-id=\"dd787ac\" data-element_type=\"container\" data-settings=\"{&quot;background_background&quot;:&quot;classic&quot;}\">\n\t\t\t\t<div class=\"elementor-element elementor-element-45b45cb bubble elementor-widget elementor-widget-image\" data-id=\"45b45cb\" data-element_type=\"widget\" data-widget_type=\"image.default\">\n\t\t\t\t<div class=\"elementor-widget-container\">\n\t\t\t\t\t\t\t\t\t\t\t\t\t\t\t<img decoding=\"async\" width=\"128\" height=\"68\" src=\"https:\/\/zdravilisce-debelirtic.si\/wp-content\/uploads\/2025\/03\/simbol_val.png\" class=\"attachment-large size-large wp-image-2181\" alt=\"\" \/>\t\t\t\t\t\t\t\t\t\t\t\t\t\t\t<\/div>\n\t\t\t\t<\/div>\n\t\t\t\t<\/div>\n\t\t\t\t<\/div>\n\t\t","protected":false},"excerpt":{"rendered":"<p>Programmes Groups of children with escorts, you are invited to summer camps, sports preparations, meetings, camps for various sports and cultural activities. The affordable full-board rates include:&nbsp; five meals per day;&nbsp; access to the outdoor (from June to the end of August)&nbsp; and indoor seawater swimming pools;&nbsp; accommodation in youth hostels;&nbsp; use of sports facilities; [&hellip;]<\/p>\n","protected":false},"author":1,"featured_media":0,"parent":0,"menu_order":0,"comment_status":"closed","ping_status":"closed","template":"","meta":{"footnotes":""},"class_list":["post-3446","page","type-page","status-publish","hentry"],"yoast_head":"<!-- This site is optimized with the Yoast SEO plugin v25.3 - https:\/\/yoast.com\/wordpress\/plugins\/seo\/ -->\n<title>Children camps - Debeli rti\u010d<\/title>\n<meta name=\"description\" content=\"Children and their companions are invited to sports, cultural and camp programs with full board, access to indoor and outdoor swimming pools, sports areas and basic healthcare at an affordable price.\" \/>\n<meta name=\"robots\" content=\"index, follow, max-snippet:-1, max-image-preview:large, max-video-preview:-1\" \/>\n<link rel=\"canonical\" href=\"https:\/\/zdravilisce-debelirtic.si\/en\/vacation-groups\/\" \/>\n<meta property=\"og:locale\" content=\"en_US\" \/>\n<meta property=\"og:type\" content=\"article\" \/>\n<meta property=\"og:title\" content=\"Children camps - Debeli rti\u010d\" \/>\n<meta property=\"og:description\" content=\"Children and their companions are invited to sports, cultural and camp programs with full board, access to indoor and outdoor swimming pools, sports areas and basic healthcare at an affordable price.\" \/>\n<meta property=\"og:url\" content=\"https:\/\/zdravilisce-debelirtic.si\/en\/vacation-groups\/\" \/>\n<meta property=\"og:site_name\" content=\"Debeli rti\u010d\" \/>\n<meta property=\"article:modified_time\" content=\"2025-09-23T13:18:35+00:00\" \/>\n<meta property=\"og:image\" content=\"https:\/\/zdravilisce-debelirtic.si\/wp-content\/uploads\/2025\/03\/Layer_1.png\" \/>\n\t<meta property=\"og:image:width\" content=\"249\" \/>\n\t<meta property=\"og:image:height\" content=\"353\" \/>\n\t<meta property=\"og:image:type\" content=\"image\/png\" \/>\n<meta name=\"twitter:card\" content=\"summary_large_image\" \/>\n<script type=\"application\/ld+json\" class=\"yoast-schema-graph\">{\"@context\":\"https:\/\/schema.org\",\"@graph\":[{\"@type\":\"WebPage\",\"@id\":\"https:\/\/zdravilisce-debelirtic.si\/en\/vacation-groups\/\",\"url\":\"https:\/\/zdravilisce-debelirtic.si\/en\/vacation-groups\/\",\"name\":\"Children camps - Debeli rti\u010d\",\"isPartOf\":{\"@id\":\"https:\/\/zdravilisce-debelirtic.si\/en\/#website\"},\"primaryImageOfPage\":{\"@id\":\"https:\/\/zdravilisce-debelirtic.si\/en\/vacation-groups\/#primaryimage\"},\"image\":{\"@id\":\"https:\/\/zdravilisce-debelirtic.si\/en\/vacation-groups\/#primaryimage\"},\"thumbnailUrl\":\"https:\/\/zdravilisce-debelirtic.si\/wp-content\/uploads\/2025\/03\/Layer_1.png\",\"datePublished\":\"2025-03-20T20:15:41+00:00\",\"dateModified\":\"2025-09-23T13:18:35+00:00\",\"description\":\"Children and their companions are invited to sports, cultural and camp programs with full board, access to indoor and outdoor swimming pools, sports areas and basic healthcare at an affordable price.\",\"breadcrumb\":{\"@id\":\"https:\/\/zdravilisce-debelirtic.si\/en\/vacation-groups\/#breadcrumb\"},\"inLanguage\":\"en-US\",\"potentialAction\":[{\"@type\":\"ReadAction\",\"target\":[\"https:\/\/zdravilisce-debelirtic.si\/en\/vacation-groups\/\"]}]},{\"@type\":\"ImageObject\",\"inLanguage\":\"en-US\",\"@id\":\"https:\/\/zdravilisce-debelirtic.si\/en\/vacation-groups\/#primaryimage\",\"url\":\"https:\/\/zdravilisce-debelirtic.si\/wp-content\/uploads\/2025\/03\/Layer_1.png\",\"contentUrl\":\"https:\/\/zdravilisce-debelirtic.si\/wp-content\/uploads\/2025\/03\/Layer_1.png\"},{\"@type\":\"BreadcrumbList\",\"@id\":\"https:\/\/zdravilisce-debelirtic.si\/en\/vacation-groups\/#breadcrumb\",\"itemListElement\":[{\"@type\":\"ListItem\",\"position\":1,\"name\":\"Domov\",\"item\":\"https:\/\/zdravilisce-debelirtic.si\/en\/debeli-rtic\/\"},{\"@type\":\"ListItem\",\"position\":2,\"name\":\"Children camps\"}]},{\"@type\":\"WebSite\",\"@id\":\"https:\/\/zdravilisce-debelirtic.si\/en\/#website\",\"url\":\"https:\/\/zdravilisce-debelirtic.si\/en\/\",\"name\":\"Debeli Rti\u010d\",\"description\":\"Mladinsko zdravili\u0161\u010de in letovi\u0161\u010de Rde\u010dega kri\u017ea Slovenije.\",\"publisher\":{\"@id\":\"https:\/\/zdravilisce-debelirtic.si\/en\/#organization\"},\"potentialAction\":[{\"@type\":\"SearchAction\",\"target\":{\"@type\":\"EntryPoint\",\"urlTemplate\":\"https:\/\/zdravilisce-debelirtic.si\/en\/?s={search_term_string}\"},\"query-input\":{\"@type\":\"PropertyValueSpecification\",\"valueRequired\":true,\"valueName\":\"search_term_string\"}}],\"inLanguage\":\"en-US\"},{\"@type\":\"Organization\",\"@id\":\"https:\/\/zdravilisce-debelirtic.si\/en\/#organization\",\"name\":\"Debeli Rti\u010d\",\"url\":\"https:\/\/zdravilisce-debelirtic.si\/en\/\",\"logo\":{\"@type\":\"ImageObject\",\"inLanguage\":\"en-US\",\"@id\":\"https:\/\/zdravilisce-debelirtic.si\/en\/#\/schema\/logo\/image\/\",\"url\":\"https:\/\/zdravilisce-debelirtic.si\/wp-content\/uploads\/2025\/03\/new-logo.webp\",\"contentUrl\":\"https:\/\/zdravilisce-debelirtic.si\/wp-content\/uploads\/2025\/03\/new-logo.webp\",\"width\":1080,\"height\":264,\"caption\":\"Debeli Rti\u010d\"},\"image\":{\"@id\":\"https:\/\/zdravilisce-debelirtic.si\/en\/#\/schema\/logo\/image\/\"}}]}<\/script>\n<!-- \/ Yoast SEO plugin. -->","yoast_head_json":{"title":"Children camps - Debeli rti\u010d","description":"Children and their companions are invited to sports, cultural and camp programs with full board, access to indoor and outdoor swimming pools, sports areas and basic healthcare at an affordable price.","robots":{"index":"index","follow":"follow","max-snippet":"max-snippet:-1","max-image-preview":"max-image-preview:large","max-video-preview":"max-video-preview:-1"},"canonical":"https:\/\/zdravilisce-debelirtic.si\/en\/vacation-groups\/","og_locale":"en_US","og_type":"article","og_title":"Children camps - Debeli rti\u010d","og_description":"Children and their companions are invited to sports, cultural and camp programs with full board, access to indoor and outdoor swimming pools, sports areas and basic healthcare at an affordable price.","og_url":"https:\/\/zdravilisce-debelirtic.si\/en\/vacation-groups\/","og_site_name":"Debeli rti\u010d","article_modified_time":"2025-09-23T13:18:35+00:00","og_image":[{"width":249,"height":353,"url":"https:\/\/zdravilisce-debelirtic.si\/wp-content\/uploads\/2025\/03\/Layer_1.png","type":"image\/png"}],"twitter_card":"summary_large_image","schema":{"@context":"https:\/\/schema.org","@graph":[{"@type":"WebPage","@id":"https:\/\/zdravilisce-debelirtic.si\/en\/vacation-groups\/","url":"https:\/\/zdravilisce-debelirtic.si\/en\/vacation-groups\/","name":"Children camps - Debeli rti\u010d","isPartOf":{"@id":"https:\/\/zdravilisce-debelirtic.si\/en\/#website"},"primaryImageOfPage":{"@id":"https:\/\/zdravilisce-debelirtic.si\/en\/vacation-groups\/#primaryimage"},"image":{"@id":"https:\/\/zdravilisce-debelirtic.si\/en\/vacation-groups\/#primaryimage"},"thumbnailUrl":"https:\/\/zdravilisce-debelirtic.si\/wp-content\/uploads\/2025\/03\/Layer_1.png","datePublished":"2025-03-20T20:15:41+00:00","dateModified":"2025-09-23T13:18:35+00:00","description":"Children and their companions are invited to sports, cultural and camp programs with full board, access to indoor and outdoor swimming pools, sports areas and basic healthcare at an affordable price.","breadcrumb":{"@id":"https:\/\/zdravilisce-debelirtic.si\/en\/vacation-groups\/#breadcrumb"},"inLanguage":"en-US","potentialAction":[{"@type":"ReadAction","target":["https:\/\/zdravilisce-debelirtic.si\/en\/vacation-groups\/"]}]},{"@type":"ImageObject","inLanguage":"en-US","@id":"https:\/\/zdravilisce-debelirtic.si\/en\/vacation-groups\/#primaryimage","url":"https:\/\/zdravilisce-debelirtic.si\/wp-content\/uploads\/2025\/03\/Layer_1.png","contentUrl":"https:\/\/zdravilisce-debelirtic.si\/wp-content\/uploads\/2025\/03\/Layer_1.png"},{"@type":"BreadcrumbList","@id":"https:\/\/zdravilisce-debelirtic.si\/en\/vacation-groups\/#breadcrumb","itemListElement":[{"@type":"ListItem","position":1,"name":"Domov","item":"https:\/\/zdravilisce-debelirtic.si\/en\/debeli-rtic\/"},{"@type":"ListItem","position":2,"name":"Children camps"}]},{"@type":"WebSite","@id":"https:\/\/zdravilisce-debelirtic.si\/en\/#website","url":"https:\/\/zdravilisce-debelirtic.si\/en\/","name":"Debeli Rti\u010d","description":"Mladinsko zdravili\u0161\u010de in letovi\u0161\u010de Rde\u010dega kri\u017ea Slovenije.","publisher":{"@id":"https:\/\/zdravilisce-debelirtic.si\/en\/#organization"},"potentialAction":[{"@type":"SearchAction","target":{"@type":"EntryPoint","urlTemplate":"https:\/\/zdravilisce-debelirtic.si\/en\/?s={search_term_string}"},"query-input":{"@type":"PropertyValueSpecification","valueRequired":true,"valueName":"search_term_string"}}],"inLanguage":"en-US"},{"@type":"Organization","@id":"https:\/\/zdravilisce-debelirtic.si\/en\/#organization","name":"Debeli Rti\u010d","url":"https:\/\/zdravilisce-debelirtic.si\/en\/","logo":{"@type":"ImageObject","inLanguage":"en-US","@id":"https:\/\/zdravilisce-debelirtic.si\/en\/#\/schema\/logo\/image\/","url":"https:\/\/zdravilisce-debelirtic.si\/wp-content\/uploads\/2025\/03\/new-logo.webp","contentUrl":"https:\/\/zdravilisce-debelirtic.si\/wp-content\/uploads\/2025\/03\/new-logo.webp","width":1080,"height":264,"caption":"Debeli Rti\u010d"},"image":{"@id":"https:\/\/zdravilisce-debelirtic.si\/en\/#\/schema\/logo\/image\/"}}]}},"_links":{"self":[{"href":"https:\/\/zdravilisce-debelirtic.si\/en\/wp-json\/wp\/v2\/pages\/3446","targetHints":{"allow":["GET"]}}],"collection":[{"href":"https:\/\/zdravilisce-debelirtic.si\/en\/wp-json\/wp\/v2\/pages"}],"about":[{"href":"https:\/\/zdravilisce-debelirtic.si\/en\/wp-json\/wp\/v2\/types\/page"}],"author":[{"embeddable":true,"href":"https:\/\/zdravilisce-debelirtic.si\/en\/wp-json\/wp\/v2\/users\/1"}],"replies":[{"embeddable":true,"href":"https:\/\/zdravilisce-debelirtic.si\/en\/wp-json\/wp\/v2\/comments?post=3446"}],"version-history":[{"count":6,"href":"https:\/\/zdravilisce-debelirtic.si\/en\/wp-json\/wp\/v2\/pages\/3446\/revisions"}],"predecessor-version":[{"id":3845,"href":"https:\/\/zdravilisce-debelirtic.si\/en\/wp-json\/wp\/v2\/pages\/3446\/revisions\/3845"}],"wp:attachment":[{"href":"https:\/\/zdravilisce-debelirtic.si\/en\/wp-json\/wp\/v2\/media?parent=3446"}],"curies":[{"name":"wp","href":"https:\/\/api.w.org\/{rel}","templated":true}]}}